{"id":1110,"date":"2023-07-06T17:28:53","date_gmt":"2023-07-06T17:28:53","guid":{"rendered":"https:\/\/itironet.com\/?page_id=1110"},"modified":"2023-08-10T10:52:12","modified_gmt":"2023-08-10T10:52:12","slug":"grupo-pablo-valderrabano","status":"publish","type":"page","link":"https:\/\/itironet.com\/?page_id=1110","title":{"rendered":"Grupo Pablo Valderrabano"},"content":{"rendered":"<h1>Grupo Pablo Valderrabano<\/h1>\n<p><img decoding=\"async\" src=\"\/wp-content\/uploads\/foto-Noemi-Brox2.jpg\" alt=\"\"><\/p>\n<div>\n<p>La <strong>Doctora<\/strong> <span><em><strong>Noem\u00ed Brox Torrecilla<\/strong><\/em> es g<\/span>raduada en medicina en el a\u00f1o <strong>2016<\/strong> en la <strong>Universidad de Castilla-La Mancha<\/strong> (Campus de Albacete), realizando posteriormente la especialidad de <strong>Endocrinolog\u00eda y Nutrici\u00f3n<\/strong> en el <strong>Hospital General Universitario Gregorio Mara\u00f1\u00f3n<\/strong>.<\/p>\n<p>Durante su etapa profesional ha participado en varios proyectos de investigaci\u00f3n, formando parte actualmente del grupo <em><strong>IRYCIS<\/strong><\/em> y ha escrito m\u00e1s de <strong>10 art\u00edculos cient\u00edficos<\/strong>, algunos de ellos en revistas <strong>Q1<\/strong>.<\/p>\n<p>Actualmente, forma parte del equipo de <strong>Endocrinolog\u00eda y Nutrici\u00f3n del Hospital Universitario Ram\u00f3n y Cajal<\/strong> ejerciendo su actividad cl\u00ednica en consulta de<strong> C\u00e1ncer de Tiroides<\/strong> y <strong>Unidad de Identidad de G\u00e9nero<\/strong>.<\/p>\n<\/div>\n<p><img decoding=\"async\" src=\"\/wp-content\/uploads\/Foto-Alberto-Martinez-Lorca.jpg\" alt=\"\"><\/p>\n<div>\n<p><em><strong>Hospital de la Princesa<\/strong><\/em>\u00a0(Madrid, <strong>1985<\/strong>).<\/p>\n<p><strong>Licenciado en Medicina<\/strong> (Universidad Complutense de Madrid). <strong>Doctor en Medicina<\/strong> (Universidad Complutense de Madrid). Facultativo especialista<strong> Medicina Nuclear en el Hospital Universitario Ram\u00f3n y Cajal.<\/strong><\/p>\n<p><strong>Profesor<\/strong> asociado <strong>Facultad de Ciencias de la Salud<\/strong> (Universidad de Castilla-La Mancha). Dedicaci\u00f3n en diagn\u00f3stico y tratamiento <em><strong>radiometab\u00f3lico<\/strong><\/em> del c\u00e1ncer de tiroides y patolog\u00eda endocrino y<em><strong> tumores neuroendocrinos<\/strong><\/em>.<\/p>\n<\/div>\n<p><img decoding=\"async\" src=\"\/wp-content\/uploads\/Foto-FJdelCastillo2.jpg\" alt=\"\"><\/p>\n<div>\n<p><em><strong>Dr Francisco J. del Castillo<\/strong><\/em>, MSc PhD.<\/p>\n<p><strong>Investigador<\/strong> <strong>Titular del Sistema Nacional de Salud en el Hospital Ram\u00f3n y Cajal-IRYCIS,<\/strong> Bi\u00f3logo genetista especializado en el estudio de enfermedades raras, dirige el Grupo de Investigaci\u00f3n en <strong>Enfermedades Lisosomales<\/strong> del <em><strong>IRYCIS<\/strong><\/em>, en el que investiga las bases gen\u00e9ticas de estos trastornos con el objetivo de<strong> mejorar el diagn\u00f3stico<\/strong> y tratamiento desde el punto de vista de la medicina personalizada<\/p>\n<p>Experto en <strong>ultrasecuenciaci\u00f3n<\/strong>, dirigi\u00f3 la <em><strong>UCA<\/strong><\/em> de Gen\u00f3mica Traslacional del <em><strong>IRYCIS<\/strong><\/em> desde 2012 a 2020<\/p>\n<\/div>\n<p><img decoding=\"async\" src=\"\/wp-content\/uploads\/MiguelPirisVillaespesa2.jpg\" alt=\"\"><\/p>\n<div>\n<p><em><strong>Miguel Piris Villaespesa<\/strong><\/em> se form\u00f3 en la <strong>Universidad Complutense de Madrid<\/strong>, obteniendo el t\u00edtulo de licenciado en Medicina en 2008.<\/p>\n<p>Posteriormente, complet\u00f3 la residencia de <strong>Hematolog\u00eda y Hemoterapia<\/strong> en el <em><strong>Hospital Universitario Puerta de Hierro<\/strong><\/em>, finalizando en el a\u00f1o 2013. Durante la misma realiz\u00f3 una estancia formativa en s\u00edndromes <strong>linfoproliferativos<\/strong> en el <em><strong>H. Lee Moffitt Cancer Center<\/strong><\/em>, en Tampa, <strong>EEUU<\/strong>. Desde 2014, es miembro del servicio de Hematolog\u00eda del Hospital <strong>Universitario de Ram\u00f3n y Cajal<\/strong>, donde realiza su actividad centrada en el diagn\u00f3stico hematol\u00f3gico integrado y el estudio y tratamiento de las mastocitosis sist\u00e9micas.<\/p>\n<p>Se doctor\u00f3 <em><strong>\u201cCum Laude\u201d<\/strong><\/em> por la <em><strong>Universidad de Alcal\u00e1 de Henares<\/strong><\/em> en el \u00e1rea del diagn\u00f3stico molecular de las neoplasias <strong>mieloproliferativas<\/strong> y ha dirigido proyectos de investigaci\u00f3n en el mismo \u00e1rea.<\/p>\n<\/div>\n<p><img decoding=\"async\" src=\"\/wp-content\/uploads\/TeresaAlonsoGordoa2.jpg\" alt=\"\"><\/p>\n<div>\n<p><em><strong>Teresa Alonso Gordoa<\/strong><\/em> es onc\u00f3loga m\u00e9dica del Servicio de Oncolog\u00eda M\u00e9dica del <strong>Hospital Universitario Ram\u00f3n y Cajal<\/strong>, en Madrid, especializada en la atenci\u00f3n de pacientes con tumores <strong>genitourinarios<\/strong> y endocrinos.<\/p>\n<p>Es profesor cl\u00ednico de la facultad de medicina de la <em><strong>Universidad de Alcal\u00e1 de Henares<\/strong><\/em>. La<strong> Dra. Alonso Gordoa<\/strong> obtuvo su t\u00edtulo de medicina por la Universidad de Navarra en 2008 y complet\u00f3 la especializaci\u00f3n en oncolog\u00eda m\u00e9dica en el <strong>Hospital Universitario Cl\u00ednico San Carlos<\/strong> de Madrid en 2013.<\/p>\n<p>Tiene experiencia como <strong>investigadora<\/strong> principal de ensayos cl\u00ednicos fase <strong>I-III<\/strong> y lidera proyectos de investigaci\u00f3n en sus \u00e1reas de especializaci\u00f3n. Ha publicado en diferentes revistas nacionales e internacionales (<strong>H-index 23<\/strong>) y es miembro de diferentes sociedades cient\u00edficas <em><strong>(SEOM, ESMO, GETNE, Grupo Germinal)<\/strong><\/em>.<\/p>\n<\/div>\n<p><!--more--><br \/>\n<!-- {\"type\":\"layout\",\"children\":[{\"type\":\"section\",\"props\":{\"image_position\":\"center-center\",\"style\":\"secondary\",\"title_breakpoint\":\"xl\",\"title_position\":\"top-left\",\"title_rotation\":\"left\",\"vertical_align\":\"middle\",\"width\":\"default\"},\"children\":[{\"type\":\"row\",\"children\":[{\"type\":\"column\",\"props\":{\"image_position\":\"center-center\",\"position_sticky_breakpoint\":\"m\"},\"children\":[{\"type\":\"headline\",\"props\":{\"content\":\"Grupo Pablo Valderrabano\",\"title_decoration\":\"divider\",\"title_element\":\"h1\"}}]}]},{\"type\":\"row\",\"props\":{\"layout\":\"1-3,2-3\",\"match\":false},\"children\":[{\"type\":\"column\",\"props\":{\"image_position\":\"center-center\",\"position_sticky_breakpoint\":\"m\",\"width_medium\":\"1-3\"},\"children\":[{\"type\":\"image\",\"props\":{\"image\":\"wp-content\\\/uploads\\\/foto-Noemi-Brox2.jpg\",\"image_border\":\"rounded\",\"image_box_decoration\":\"mask\",\"image_height\":\"325\",\"image_svg_color\":\"emphasis\",\"image_width\":\"300\",\"margin\":\"default\"}}]},{\"type\":\"column\",\"props\":{\"image_position\":\"center-center\",\"position_sticky_breakpoint\":\"m\",\"width_medium\":\"2-3\"},\"children\":[{\"type\":\"text\",\"props\":{\"column_breakpoint\":\"m\",\"content\":\"\n\n<p>La <strong>Doctora<\\\/strong> <span><em><strong>Noem\\u00ed Brox Torrecilla<\\\/strong><\\\/em> es g<\\\/span>raduada en medicina en el a\\u00f1o <strong>2016<\\\/strong> en la <strong>Universidad de Castilla-La Mancha<\\\/strong> (Campus de Albacete), realizando posteriormente la especialidad de <strong>Endocrinolog\\u00eda y Nutrici\\u00f3n<\\\/strong> en el <strong>Hospital General Universitario Gregorio Mara\\u00f1\\u00f3n<\\\/strong>.<\\\/p>\\n\n\n<p>Durante su etapa profesional ha participado en varios proyectos de investigaci\\u00f3n, formando parte actualmente del grupo <em><strong>IRYCIS<\\\/strong><\\\/em> y ha escrito m\\u00e1s de <strong>10 art\\u00edculos cient\\u00edficos<\\\/strong>, algunos de ellos en revistas <strong>Q1<\\\/strong>.<\\\/p>\\n\n\n<p>Actualmente, forma parte del equipo de <strong>Endocrinolog\\u00eda y Nutrici\\u00f3n del Hospital Universitario Ram\\u00f3n y Cajal<\\\/strong> ejerciendo su actividad cl\\u00ednica en consulta de<strong> C\\u00e1ncer de Tiroides<\\\/strong> y <strong>Unidad de Identidad de G\\u00e9nero<\\\/strong>.<\\\/p>\",\"margin\":\"default\"}}]}]},{\"type\":\"row\",\"props\":{\"layout\":\"1-3,2-3\",\"match\":false},\"children\":[{\"type\":\"column\",\"props\":{\"image_position\":\"center-center\",\"position_sticky_breakpoint\":\"m\",\"width_medium\":\"1-3\"},\"children\":[{\"type\":\"image\",\"props\":{\"image\":\"wp-content\\\/uploads\\\/Foto-Alberto-Martinez-Lorca.jpg\",\"image_box_decoration\":\"mask\",\"image_height\":\"325\",\"image_svg_color\":\"emphasis\",\"image_width\":\"300\",\"margin\":\"default\"}}]},{\"type\":\"column\",\"props\":{\"image_position\":\"center-center\",\"position_sticky_breakpoint\":\"m\",\"width_medium\":\"2-3\"},\"children\":[{\"type\":\"text\",\"props\":{\"column_breakpoint\":\"m\",\"content\":\"\n\n<p><em><strong>Hospital de la Princesa<\\\/strong><\\\/em>\\u00a0(Madrid, <strong>1985<\\\/strong>).<\\\/p>\\n\n\n<p><strong>Licenciado en Medicina<\\\/strong> (Universidad Complutense de Madrid). <strong>Doctor en Medicina<\\\/strong> (Universidad Complutense de Madrid). Facultativo especialista<strong> Medicina Nuclear en el Hospital Universitario Ram\\u00f3n y Cajal.<\\\/strong><\\\/p>\\n\n\n<p><strong>Profesor<\\\/strong> asociado <strong>Facultad de Ciencias de la Salud<\\\/strong> (Universidad de Castilla-La Mancha). Dedicaci\\u00f3n en diagn\\u00f3stico y tratamiento <em><strong>radiometab\\u00f3lico<\\\/strong><\\\/em> del c\\u00e1ncer de tiroides y patolog\\u00eda endocrino y<em><strong> tumores neuroendocrinos<\\\/strong><\\\/em>.<\\\/p>\",\"margin\":\"default\"}}]}]},{\"type\":\"row\",\"props\":{\"layout\":\"1-3,2-3\",\"match\":false},\"children\":[{\"type\":\"column\",\"props\":{\"image_position\":\"center-center\",\"position_sticky_breakpoint\":\"m\",\"width_medium\":\"1-3\"},\"children\":[{\"type\":\"image\",\"props\":{\"image\":\"wp-content\\\/uploads\\\/Foto-FJdelCastillo2.jpg\",\"image_box_decoration\":\"mask\",\"image_height\":\"325\",\"image_svg_color\":\"emphasis\",\"image_width\":\"300\",\"margin\":\"default\"}}]},{\"type\":\"column\",\"props\":{\"image_position\":\"center-center\",\"position_sticky_breakpoint\":\"m\",\"width_medium\":\"2-3\"},\"children\":[{\"type\":\"text\",\"props\":{\"column_breakpoint\":\"m\",\"content\":\"\n\n<p><em><strong>Dr Francisco J. del Castillo<\\\/strong><\\\/em>, MSc PhD.<\\\/p>\\n\n\n<p><strong>Investigador<\\\/strong> <strong>Titular del Sistema Nacional de Salud en el Hospital Ram\\u00f3n y Cajal-IRYCIS,<\\\/strong> Bi\\u00f3logo genetista especializado en el estudio de enfermedades raras, dirige el Grupo de Investigaci\\u00f3n en <strong>Enfermedades Lisosomales<\\\/strong> del <em><strong>IRYCIS<\\\/strong><\\\/em>, en el que investiga las bases gen\\u00e9ticas de estos trastornos con el objetivo de<strong> mejorar el diagn\\u00f3stico<\\\/strong> y tratamiento desde el punto de vista de la medicina personalizada<\\\/p>\\n\n\n<p>Experto en <strong>ultrasecuenciaci\\u00f3n<\\\/strong>, dirigi\\u00f3 la <em><strong>UCA<\\\/strong><\\\/em> de Gen\\u00f3mica Traslacional del <em><strong>IRYCIS<\\\/strong><\\\/em> desde 2012 a 2020<\\\/p>\",\"margin\":\"default\"}}]}]},{\"type\":\"row\",\"props\":{\"layout\":\"1-3,2-3\",\"match\":false},\"children\":[{\"type\":\"column\",\"props\":{\"image_position\":\"center-center\",\"position_sticky_breakpoint\":\"m\",\"width_medium\":\"1-3\"},\"children\":[{\"type\":\"image\",\"props\":{\"image\":\"wp-content\\\/uploads\\\/MiguelPirisVillaespesa2.jpg\",\"image_box_decoration\":\"mask\",\"image_height\":\"325\",\"image_svg_color\":\"emphasis\",\"image_width\":\"300\",\"margin\":\"default\"}}]},{\"type\":\"column\",\"props\":{\"image_position\":\"center-center\",\"position_sticky_breakpoint\":\"m\",\"width_medium\":\"2-3\"},\"children\":[{\"type\":\"text\",\"props\":{\"column_breakpoint\":\"m\",\"content\":\"\n\n<p><em><strong>Miguel Piris Villaespesa<\\\/strong><\\\/em> se form\\u00f3 en la <strong>Universidad Complutense de Madrid<\\\/strong>, obteniendo el t\\u00edtulo de licenciado en Medicina en 2008.<\\\/p>\\n\n\n<p>Posteriormente, complet\\u00f3 la residencia de <strong>Hematolog\\u00eda y Hemoterapia<\\\/strong> en el <em><strong>Hospital Universitario Puerta de Hierro<\\\/strong><\\\/em>, finalizando en el a\\u00f1o 2013. Durante la misma realiz\\u00f3 una estancia formativa en s\\u00edndromes <strong>linfoproliferativos<\\\/strong> en el <em><strong>H. Lee Moffitt Cancer Center<\\\/strong><\\\/em>, en Tampa, <strong>EEUU<\\\/strong>. Desde 2014, es miembro del servicio de Hematolog\\u00eda del Hospital <strong>Universitario de Ram\\u00f3n y Cajal<\\\/strong>, donde realiza su actividad centrada en el diagn\\u00f3stico hematol\\u00f3gico integrado y el estudio y tratamiento de las mastocitosis sist\\u00e9micas.<\\\/p>\\n\n\n<p>Se doctor\\u00f3 <em><strong>\\u201cCum Laude\\u201d<\\\/strong><\\\/em> por la <em><strong>Universidad de Alcal\\u00e1 de Henares<\\\/strong><\\\/em> en el \\u00e1rea del diagn\\u00f3stico molecular de las neoplasias <strong>mieloproliferativas<\\\/strong> y ha dirigido proyectos de investigaci\\u00f3n en el mismo \\u00e1rea.<\\\/p>\",\"margin\":\"default\"}}]}]},{\"type\":\"row\",\"props\":{\"layout\":\"1-3,2-3\",\"match\":false},\"children\":[{\"type\":\"column\",\"props\":{\"image_position\":\"center-center\",\"position_sticky_breakpoint\":\"m\",\"width_medium\":\"1-3\"},\"children\":[{\"type\":\"image\",\"props\":{\"image\":\"wp-content\\\/uploads\\\/TeresaAlonsoGordoa2.jpg\",\"image_box_decoration\":\"mask\",\"image_height\":\"325\",\"image_svg_color\":\"emphasis\",\"image_width\":\"300\",\"margin\":\"default\"}}]},{\"type\":\"column\",\"props\":{\"image_position\":\"center-center\",\"position_sticky_breakpoint\":\"m\",\"width_medium\":\"2-3\"},\"children\":[{\"type\":\"text\",\"props\":{\"column_breakpoint\":\"m\",\"content\":\"\n\n<p><em><strong>Teresa Alonso Gordoa<\\\/strong><\\\/em> es onc\\u00f3loga m\\u00e9dica del Servicio de Oncolog\\u00eda M\\u00e9dica del <strong>Hospital Universitario Ram\\u00f3n y Cajal<\\\/strong>, en Madrid, especializada en la atenci\\u00f3n de pacientes con tumores <strong>genitourinarios<\\\/strong> y endocrinos.<\\\/p>\\n\n\n<p>Es profesor cl\\u00ednico de la facultad de medicina de la <em><strong>Universidad de Alcal\\u00e1 de Henares<\\\/strong><\\\/em>. La<strong> Dra. Alonso Gordoa<\\\/strong> obtuvo su t\\u00edtulo de medicina por la Universidad de Navarra en 2008 y complet\\u00f3 la especializaci\\u00f3n en oncolog\\u00eda m\\u00e9dica en el <strong>Hospital Universitario Cl\\u00ednico San Carlos<\\\/strong> de Madrid en 2013.<\\\/p>\\n\n\n<p>Tiene experiencia como <strong>investigadora<\\\/strong> principal de ensayos cl\\u00ednicos fase <strong>I-III<\\\/strong> y lidera proyectos de investigaci\\u00f3n en sus \\u00e1reas de especializaci\\u00f3n. Ha publicado en diferentes revistas nacionales e internacionales (<strong>H-index 23<\\\/strong>) y es miembro de diferentes sociedades cient\\u00edficas <em><strong>(SEOM, ESMO, GETNE, Grupo Germinal)<\\\/strong><\\\/em>.<\\\/p>\",\"margin\":\"default\"}}]}]}]}],\"version\":\"4.0.9\"} --><\/p>\n","protected":false},"excerpt":{"rendered":"<p>Grupo Pablo Valderrabano La Doctora Noem\u00ed Brox Torrecilla es graduada en medicina en el a\u00f1o 2016 en la Universidad de Castilla-La Mancha (Campus de Albacete), realizando posteriormente la especialidad de Endocrinolog\u00eda y Nutrici\u00f3n en el Hospital General Universitario Gregorio Mara\u00f1\u00f3n. Durante su etapa profesional ha participado en varios proyectos de investigaci\u00f3n, formando parte actualmente del [&hellip;]<\/p>\n","protected":false},"author":1,"featured_media":0,"parent":0,"menu_order":0,"comment_status":"closed","ping_status":"closed","template":"","meta":{"om_disable_all_campaigns":false,"footnotes":""},"class_list":["post-1110","page","type-page","status-publish","hentry"],"aioseo_notices":[],"jetpack_sharing_enabled":true,"_links":{"self":[{"href":"https:\/\/itironet.com\/index.php?rest_route=\/wp\/v2\/pages\/1110","targetHints":{"allow":["GET"]}}],"collection":[{"href":"https:\/\/itironet.com\/index.php?rest_route=\/wp\/v2\/pages"}],"about":[{"href":"https:\/\/itironet.com\/index.php?rest_route=\/wp\/v2\/types\/page"}],"author":[{"embeddable":true,"href":"https:\/\/itironet.com\/index.php?rest_route=\/wp\/v2\/users\/1"}],"replies":[{"embeddable":true,"href":"https:\/\/itironet.com\/index.php?rest_route=%2Fwp%2Fv2%2Fcomments&post=1110"}],"version-history":[{"count":17,"href":"https:\/\/itironet.com\/index.php?rest_route=\/wp\/v2\/pages\/1110\/revisions"}],"predecessor-version":[{"id":1278,"href":"https:\/\/itironet.com\/index.php?rest_route=\/wp\/v2\/pages\/1110\/revisions\/1278"}],"wp:attachment":[{"href":"https:\/\/itironet.com\/index.php?rest_route=%2Fwp%2Fv2%2Fmedia&parent=1110"}],"curies":[{"name":"wp","href":"https:\/\/api.w.org\/{rel}","templated":true}]}}