{"id":1229,"date":"2023-07-10T18:15:46","date_gmt":"2023-07-10T18:15:46","guid":{"rendered":"https:\/\/itironet.com\/?page_id=1229"},"modified":"2023-08-10T12:27:56","modified_gmt":"2023-08-10T12:27:56","slug":"grupo-mercedes-robledo-batanero","status":"publish","type":"page","link":"https:\/\/itironet.com\/?page_id=1229","title":{"rendered":"Grupo Mercedes Robledo Batanero"},"content":{"rendered":"<h1>Grupo Mercedes Robledo Batanero<\/h1>\n<p><img decoding=\"async\" src=\"\/wp-content\/uploads\/Foto_Cristina-Montero-Conde-scaled.jpg\" alt=\"\"><\/p>\n<div>\n<p><em><strong>Cristina Montero-Conde<\/strong><\/em> es investigadora cient\u00edfica del grupo dirigido por Mercedes Robledo del<strong> Centro Nacional de Investigaciones Oncol\u00f3gicas<\/strong> (<strong>CNIO<\/strong>, Espa\u00f1a).<\/p>\n<p>Cuenta con m\u00e1s de <strong>19 a\u00f1os de experiencia<\/strong> en investigaci\u00f3n traslacional en <strong>tumores<\/strong> endocrinos. Complet\u00f3 su formaci\u00f3n predoctoral y postdoctoral en los grupos de<strong> Mercedes Robledo<\/strong> (CNIO),<strong> Pilar Santisteban<\/strong> (iibm, CSIC) y<strong> James A. Fagin<\/strong> (Memorial Sloan-Kettering Cancer Center, EE.UU.). Su inter\u00e9s cient\u00edfico se centra en la identificaci\u00f3n y caracterizaci\u00f3n de los procesos moleculares asociados a c\u00e1ncer de tiroides avanzados utilizando enfoques <strong>multi\u00f3micos<\/strong> y ensayos <strong>precl\u00ednicos<\/strong> para mejorar el manejo cl\u00ednico de los pacientes con estas <strong>patolog\u00edas.<\/strong><\/p>\n<p>Ha realizado <strong>contribuciones significativas<\/strong> en este campo, incluyendo la identificaci\u00f3n y caracterizaci\u00f3n de un mecanismo de resistencia a la <strong>inhibici\u00f3n<\/strong> de la v\u00eda de las <strong>MAP quinasas<\/strong>, y la identificaci\u00f3n de varios marcadores moleculares de pron\u00f3stico de c\u00e1ncer de <strong>tiroides.<\/strong><\/p>\n<\/div>\n<hr>\n<p><img decoding=\"async\" src=\"\/wp-content\/uploads\/Foto_LuisJavierLeandroGarcia-scaled.jpg\" alt=\"\"><\/p>\n<div>\n<p><em><strong>Luis Javier Leandro-Garc\u00eda<\/strong> <\/em>es licenciado en Biolog\u00eda, licenciado en Bioqu\u00edmica y doctor por la Universidad Aut\u00f3noma de Madrid <strong>(UAM).<\/strong><\/p>\n<p>Realiz\u00f3 su tesis doctoral sobre la <strong>farmacogen\u00f3mica<\/strong> del <strong>paclitaxel,<\/strong> un f\u00e1rmaco quimioterap\u00e9utico ampliamente utilizado para el tratamiento de varios tipos de c\u00e1ncer, en el <strong>Centro Nacional de Investigaciones Oncol\u00f3gicas<\/strong> (CNIO) de Madrid.<\/p>\n<p>En 2014 se traslad\u00f3 a <strong>Nueva York<\/strong> (EEUU) para desarrollar su formaci\u00f3n postdoctoral en el M<strong>emorial Sloan Kettering Cancer Center<\/strong> (MSKCC). Durante este periodo, centr\u00f3 su investigaci\u00f3n en modelos <strong>murinos<\/strong> de iniciaci\u00f3n y progresi\u00f3n del <strong>c\u00e1ncer<\/strong> de <strong>tiroides.<\/strong> Regres\u00f3 al <strong>CNIO<\/strong> en 2019 para continuar su trabajo estudiando los mecanismos <strong>gen\u00e9ticos<\/strong> y epigen\u00e9ticos responsables de las formas m\u00e1s agresivas de c\u00e1ncer de tiroides en <strong>humanos.<\/strong><\/p>\n<p>Javier es autor en 46 publicaciones cient\u00edficas, 11 de ellas como primer autor. Ha participado en 10 proyectos, uno de ellos como investigador principal. Su objetivo final en la investigaci\u00f3n del c\u00e1ncer de tiroides es mejorar la escasa supervivencia de los pacientes afectados por las formas m\u00e1s agresivas y letales de la enfermedad.<\/p>\n<\/div>\n<hr>\n<p><img decoding=\"async\" src=\"\/wp-content\/uploads\/Foto_Natalia-Martinez-Puente-scaled.jpg\" alt=\"\"><\/p>\n<div>\n<p><em><strong>Natalia Mart\u00ednez-Puente<\/strong> <\/em>es investigadora predoctoral en el <strong>Centro Nacional de Investigaciones Oncol\u00f3gicas<\/strong> (CNIO, Espa\u00f1a).<\/p>\n<p>Se gradu\u00f3 en <strong>Biolog\u00eda Sanitaria en la Universidad de Alcal\u00e1<\/strong> (2020) y realiz\u00f3 su <strong>TFG<\/strong> sobre la respuesta del sistema <strong>inmune<\/strong> a la infecci\u00f3n <strong>bacteriana intraperitoneal<\/strong> en el<strong> Centro Nacional de Biotecnolog\u00eda<\/strong> (CNB, Espa\u00f1a). Tras ello, complet\u00f3 el m\u00e1ster en <strong>Biomedicina<\/strong> Molecular de la <strong>Universidad Aut\u00f3noma de Madrid<\/strong> (2021), realizando su <strong>TFM<\/strong> en la respuesta temprana del sistema inmune innato a la infecci\u00f3n y a la <strong>met\u00e1stasis<\/strong> peritoneal <strong>(CNB).<\/strong><\/p>\n<p>En <strong>2021<\/strong> se uni\u00f3 al<strong> Grupo de C\u00e1ncer Endocrino Hereditario<\/strong> en el <strong>CNIO<\/strong> para llevar a cabo su tesis doctoral, centrada en la identificaci\u00f3n de marcadores moleculares pron\u00f3sticos en <strong>c\u00e1ncer<\/strong> de tiroides.<\/p>\n<\/div>\n<p><!--more--><br \/>\n<!-- {\"type\":\"layout\",\"children\":[{\"type\":\"section\",\"props\":{\"image_position\":\"center-center\",\"style\":\"secondary\",\"title_breakpoint\":\"xl\",\"title_position\":\"top-left\",\"title_rotation\":\"left\",\"vertical_align\":\"middle\",\"width\":\"default\"},\"children\":[{\"type\":\"row\",\"children\":[{\"type\":\"column\",\"props\":{\"image_position\":\"center-center\",\"position_sticky_breakpoint\":\"m\"},\"children\":[{\"type\":\"headline\",\"props\":{\"content\":\"Grupo Mercedes Robledo Batanero\",\"title_decoration\":\"divider\",\"title_element\":\"h1\"}}]}]},{\"type\":\"row\",\"props\":{\"layout\":\"1-3,2-3\",\"match\":false},\"children\":[{\"type\":\"column\",\"props\":{\"image_position\":\"center-center\",\"position_sticky_breakpoint\":\"m\",\"width_medium\":\"1-3\"},\"children\":[{\"type\":\"image\",\"props\":{\"image\":\"wp-content\\\/uploads\\\/Foto_Cristina-Montero-Conde-scaled.jpg\",\"image_border\":\"rounded\",\"image_box_decoration\":\"mask\",\"image_height\":\"325\",\"image_svg_color\":\"emphasis\",\"image_width\":\"300\",\"margin\":\"default\"}}]},{\"type\":\"column\",\"props\":{\"image_position\":\"center-center\",\"position_sticky_breakpoint\":\"m\",\"width_medium\":\"2-3\"},\"children\":[{\"type\":\"text\",\"props\":{\"column_breakpoint\":\"m\",\"content\":\"\n\n<p><em><strong>Cristina Montero-Conde<\\\/strong><\\\/em> es investigadora cient\\u00edfica del grupo dirigido por Mercedes Robledo del<strong> Centro Nacional de Investigaciones Oncol\\u00f3gicas<\\\/strong> (<strong>CNIO<\\\/strong>, Espa\\u00f1a).<\\\/p>\\n\n\n<p>Cuenta con m\\u00e1s de <strong>19 a\\u00f1os de experiencia<\\\/strong> en investigaci\\u00f3n traslacional en <strong>tumores<\\\/strong> endocrinos. Complet\\u00f3 su formaci\\u00f3n predoctoral y postdoctoral en los grupos de<strong> Mercedes Robledo<\\\/strong> (CNIO),<strong> Pilar Santisteban<\\\/strong> (iibm, CSIC) y<strong> James A. Fagin<\\\/strong> (Memorial Sloan-Kettering Cancer Center, EE.UU.). Su inter\\u00e9s cient\\u00edfico se centra en la identificaci\\u00f3n y caracterizaci\\u00f3n de los procesos moleculares asociados a c\\u00e1ncer de tiroides avanzados utilizando enfoques <strong>multi\\u00f3micos<\\\/strong> y ensayos <strong>precl\\u00ednicos<\\\/strong> para mejorar el manejo cl\\u00ednico de los pacientes con estas <strong>patolog\\u00edas.<\\\/strong><\\\/p>\\n\n\n<p>Ha realizado <strong>contribuciones significativas<\\\/strong> en este campo, incluyendo la identificaci\\u00f3n y caracterizaci\\u00f3n de un mecanismo de resistencia a la <strong>inhibici\\u00f3n<\\\/strong> de la v\\u00eda de las <strong>MAP quinasas<\\\/strong>, y la identificaci\\u00f3n de varios marcadores moleculares de pron\\u00f3stico de c\\u00e1ncer de <strong>tiroides.<\\\/strong><\\\/p>\",\"margin\":\"default\"}}]}]},{\"type\":\"row\",\"children\":[{\"type\":\"column\",\"props\":{\"image_position\":\"center-center\",\"position_sticky_breakpoint\":\"m\"},\"children\":[{\"type\":\"divider\",\"props\":{\"divider_element\":\"hr\"}}]}]},{\"type\":\"row\",\"props\":{\"layout\":\"1-3,2-3\",\"match\":false},\"children\":[{\"type\":\"column\",\"props\":{\"image_position\":\"center-center\",\"position_sticky_breakpoint\":\"m\",\"width_medium\":\"1-3\"},\"children\":[{\"type\":\"image\",\"props\":{\"image\":\"wp-content\\\/uploads\\\/Foto_LuisJavierLeandroGarcia-scaled.jpg\",\"image_box_decoration\":\"mask\",\"image_height\":\"325\",\"image_svg_color\":\"emphasis\",\"image_width\":\"300\",\"margin\":\"default\"}}]},{\"type\":\"column\",\"props\":{\"image_position\":\"center-center\",\"position_sticky_breakpoint\":\"m\",\"width_medium\":\"2-3\"},\"children\":[{\"type\":\"text\",\"props\":{\"column_breakpoint\":\"m\",\"content\":\"\n\n<p><em><strong>Luis Javier Leandro-Garc\\u00eda<\\\/strong> <\\\/em>es licenciado en Biolog\\u00eda, licenciado en Bioqu\\u00edmica y doctor por la Universidad Aut\\u00f3noma de Madrid <strong>(UAM).<\\\/strong><\\\/p>\\n\n\n<p>Realiz\\u00f3 su tesis doctoral sobre la <strong>farmacogen\\u00f3mica<\\\/strong> del <strong>paclitaxel,<\\\/strong> un f\\u00e1rmaco quimioterap\\u00e9utico ampliamente utilizado para el tratamiento de varios tipos de c\\u00e1ncer, en el <strong>Centro Nacional de Investigaciones Oncol\\u00f3gicas<\\\/strong> (CNIO) de Madrid.<\\\/p>\\n\n\n<p>En 2014 se traslad\\u00f3 a <strong>Nueva York<\\\/strong> (EEUU) para desarrollar su formaci\\u00f3n postdoctoral en el M<strong>emorial Sloan Kettering Cancer Center<\\\/strong> (MSKCC). Durante este periodo, centr\\u00f3 su investigaci\\u00f3n en modelos <strong>murinos<\\\/strong> de iniciaci\\u00f3n y progresi\\u00f3n del <strong>c\\u00e1ncer<\\\/strong> de <strong>tiroides.<\\\/strong> Regres\\u00f3 al <strong>CNIO<\\\/strong> en 2019 para continuar su trabajo estudiando los mecanismos <strong>gen\\u00e9ticos<\\\/strong> y epigen\\u00e9ticos responsables de las formas m\\u00e1s agresivas de c\\u00e1ncer de tiroides en <strong>humanos.<\\\/strong><\\\/p>\\n\n\n<p>Javier es autor en 46 publicaciones cient\\u00edficas, 11 de ellas como primer autor. Ha participado en 10 proyectos, uno de ellos como investigador principal. Su objetivo final en la investigaci\\u00f3n del c\\u00e1ncer de tiroides es mejorar la escasa supervivencia de los pacientes afectados por las formas m\\u00e1s agresivas y letales de la enfermedad.<\\\/p>\",\"margin\":\"default\"}}]}]},{\"type\":\"row\",\"children\":[{\"type\":\"column\",\"props\":{\"image_position\":\"center-center\",\"position_sticky_breakpoint\":\"m\"},\"children\":[{\"type\":\"divider\",\"props\":{\"divider_element\":\"hr\"}}]}]},{\"type\":\"row\",\"props\":{\"layout\":\"1-3,2-3\",\"match\":false},\"children\":[{\"type\":\"column\",\"props\":{\"image_position\":\"center-center\",\"position_sticky_breakpoint\":\"m\",\"width_medium\":\"1-3\"},\"children\":[{\"type\":\"image\",\"props\":{\"image\":\"wp-content\\\/uploads\\\/Foto_Natalia-Martinez-Puente-scaled.jpg\",\"image_box_decoration\":\"mask\",\"image_height\":\"325\",\"image_svg_color\":\"emphasis\",\"image_width\":\"300\",\"margin\":\"default\"}}]},{\"type\":\"column\",\"props\":{\"image_position\":\"center-center\",\"position_sticky_breakpoint\":\"m\",\"width_medium\":\"2-3\"},\"children\":[{\"type\":\"text\",\"props\":{\"column_breakpoint\":\"m\",\"content\":\"\n\n<p><em><strong>Natalia Mart\\u00ednez-Puente<\\\/strong> <\\\/em>es investigadora predoctoral en el <strong>Centro Nacional de Investigaciones Oncol\\u00f3gicas<\\\/strong> (CNIO, Espa\\u00f1a).<\\\/p>\\n\n\n<p>Se gradu\\u00f3 en <strong>Biolog\\u00eda Sanitaria en la Universidad de Alcal\\u00e1<\\\/strong> (2020) y realiz\\u00f3 su <strong>TFG<\\\/strong> sobre la respuesta del sistema <strong>inmune<\\\/strong> a la infecci\\u00f3n <strong>bacteriana intraperitoneal<\\\/strong> en el<strong> Centro Nacional de Biotecnolog\\u00eda<\\\/strong> (CNB, Espa\\u00f1a). Tras ello, complet\\u00f3 el m\\u00e1ster en <strong>Biomedicina<\\\/strong> Molecular de la <strong>Universidad Aut\\u00f3noma de Madrid<\\\/strong> (2021), realizando su <strong>TFM<\\\/strong> en la respuesta temprana del sistema inmune innato a la infecci\\u00f3n y a la <strong>met\\u00e1stasis<\\\/strong> peritoneal <strong>(CNB).<\\\/strong><\\\/p>\\n\n\n<p>En <strong>2021<\\\/strong> se uni\\u00f3 al<strong> Grupo de C\\u00e1ncer Endocrino Hereditario<\\\/strong> en el <strong>CNIO<\\\/strong> para llevar a cabo su tesis doctoral, centrada en la identificaci\\u00f3n de marcadores moleculares pron\\u00f3sticos en <strong>c\\u00e1ncer<\\\/strong> de tiroides.<\\\/p>\",\"margin\":\"default\"}}]}]}],\"name\":\"+Info grupos\"}],\"version\":\"4.0.9\"} --><\/p>\n","protected":false},"excerpt":{"rendered":"<p>Grupo Mercedes Robledo Batanero Cristina Montero-Conde es investigadora cient\u00edfica del grupo dirigido por Mercedes Robledo del Centro Nacional de Investigaciones Oncol\u00f3gicas (CNIO, Espa\u00f1a). Cuenta con m\u00e1s de 19 a\u00f1os de experiencia en investigaci\u00f3n traslacional en tumores endocrinos. Complet\u00f3 su formaci\u00f3n predoctoral y postdoctoral en los grupos de Mercedes Robledo (CNIO), Pilar Santisteban (iibm, CSIC) y [&hellip;]<\/p>\n","protected":false},"author":1,"featured_media":0,"parent":0,"menu_order":0,"comment_status":"closed","ping_status":"closed","template":"","meta":{"om_disable_all_campaigns":false,"footnotes":""},"class_list":["post-1229","page","type-page","status-publish","hentry"],"aioseo_notices":[],"jetpack_sharing_enabled":true,"_links":{"self":[{"href":"https:\/\/itironet.com\/index.php?rest_route=\/wp\/v2\/pages\/1229","targetHints":{"allow":["GET"]}}],"collection":[{"href":"https:\/\/itironet.com\/index.php?rest_route=\/wp\/v2\/pages"}],"about":[{"href":"https:\/\/itironet.com\/index.php?rest_route=\/wp\/v2\/types\/page"}],"author":[{"embeddable":true,"href":"https:\/\/itironet.com\/index.php?rest_route=\/wp\/v2\/users\/1"}],"replies":[{"embeddable":true,"href":"https:\/\/itironet.com\/index.php?rest_route=%2Fwp%2Fv2%2Fcomments&post=1229"}],"version-history":[{"count":11,"href":"https:\/\/itironet.com\/index.php?rest_route=\/wp\/v2\/pages\/1229\/revisions"}],"predecessor-version":[{"id":1296,"href":"https:\/\/itironet.com\/index.php?rest_route=\/wp\/v2\/pages\/1229\/revisions\/1296"}],"wp:attachment":[{"href":"https:\/\/itironet.com\/index.php?rest_route=%2Fwp%2Fv2%2Fmedia&parent=1229"}],"curies":[{"name":"wp","href":"https:\/\/api.w.org\/{rel}","templated":true}]}}