{"id":14,"date":"2016-10-20T08:08:45","date_gmt":"2016-10-20T08:08:45","guid":{"rendered":"http:\/\/192.168.1.55\/yootheme_pro\/2016\/Horizon\/Website_WP\/index.php\/company\/"},"modified":"2018-08-10T11:16:55","modified_gmt":"2018-08-10T11:16:55","slug":"company","status":"publish","type":"page","link":"https:\/\/itironet.com\/?page_id=14","title":{"rendered":"Company"},"content":{"rendered":"<p>Servicios e infraestructuras<\/p>\n<p>Adem\u00e1s del equipamiento disponible en cada laboratorio, los grupos de investigaci\u00f3n participantes tienen a su disposici\u00f3n las infraestructuras institucionales que aportan los grandes equipos de alto coste que est\u00e1n localizados en los distintos centros de investigaci\u00f3n. Entre dichas Infraestructuras y Servicios, que ser\u00e1n utilizados durante el desarrollo de TIRONET2-CM queremos resaltar los siguientes:<\/p>\n<p>Cultivos celulares, Animalario, Salas de radioprotecci\u00f3n, Servicio de Anatom\u00eda Patol\u00f3gica, An\u00e1lisis de Imagen<\/p>\n<p>Microscop\u00eda de fluorescencia y confocal, Citometr\u00eda de flujo<\/p>\n<p>Secuenciaci\u00f3n, Gen\u00f3mica, Plataforma de Secuenciaci\u00f3n masiva de nueva generaci\u00f3n, Bioinform\u00e1tica<\/p>\n<p>A trav\u00e9s de las webs institucionales de cada una de las organizaciones participantes se puede obtener mayor detalle sobre las mismas:<\/p>\n<p>El Instituto de Investigaci\u00f3n del Hospital de La Princesa fue constituido el 15 de Diciembre del 2009 en virtud de un convenio firmado entre centros sanitarios de la Consejer\u00eda de Sanidad de la Comunidad de Madrid y otras instituciones de investigaci\u00f3n b\u00e1sica. Est\u00e1 formado por el Hospital Universitario de La Princesa, Hospital Universitario de Santa Cristina, Hospital Infantil del Ni\u00f1o Jes\u00fas, \u00c1rea de Influencia de Atenci\u00f3n Primaria del Hospital U. de La Princesa y la Universidad Aut\u00f3noma de Madrid.<\/p>\n<p>El Centro Nacional de Investigaciones Oncol\u00f3gicas (CNIO) fue creado en 1998 por el Instituto de Salud Carlos III y desde finales del 2011 se integra en el Ministerio de Econom\u00eda y Competitividad. El CNIO est\u00e1 gestionado por una fundaci\u00f3n, creada simult\u00e1neamente con el Centro, cuya denominaci\u00f3n es la de Fundaci\u00f3n Centro Nacional de Investigaciones Oncol\u00f3gicas Carlos III. La misi\u00f3n esencial del CNIO es llevar a cabo una investigaci\u00f3n de excelencia y ofrecer tecnolog\u00eda innovadora en el \u00e1mbito del c\u00e1ncer al Sistema Nacional de Salud y al Sistema Nacional de Ciencia e Innovaci\u00f3n.El CNIO es uno de los pocos centros oncol\u00f3gicos europeos que destina sus recursos a investigaci\u00f3n b\u00e1sica y aplicada bajo un enfoque integrado, favoreciendo la interacci\u00f3n de los programas de investigaci\u00f3n b\u00e1sica con los de diagn\u00f3stico molecular y de descubrimiento de nuevos f\u00e1rmacos, todo ello apoyado en una s\u00f3lida infraestructura de equipamientos y servicios t\u00e9cnicos.<\/p>\n<p>El IIB es Centro Mixto del CSIC y la Universidad Aut\u00f3noma de Madrid desde 1998 (http:\/\/www.iib.uam.es). Alberga m\u00e1s de quinientos investigadores y entre sus Servicios de Apoyo a la Investigaci\u00f3n se encuentran; Secuenciaci\u00f3n de ADN (Secuenciadores y PCR cuantitativa), Citometr\u00eda de Flujo (Cit\u00f3metros de dos y tres l\u00e1seres), Imagen y Espectroscop\u00eda por Resonancia Magn\u00e9tica (SDcanners Briker Pharmascan and Bruker AVANCE 500WB), Microscop\u00eda Fluorescencia, Radioprotecci\u00f3n, Experimentaci\u00f3n Animal.En la actualidad se desarrollan en el Instituto m\u00e1s de cien proyectos de investigacion en Areas como la Oncologia, Fiopatologia del Sistema Nervioso, Metabolismo y Se\u00f1alizacion Celular y Modelos Animales de Enfermedades Humanas.<\/p>\n<p>El SIdI es un proyecto que data de 1992 y que se cre\u00f3 para centralizar los servicios instrumentales peque\u00f1os que exist\u00edan a nivel departamental en la Facultad de Ciencias. El objetivo de esta nueva organizaci\u00f3n era regular la explotaci\u00f3n de la infraestructura cient\u00edfica de la Universidad y rentabilizar las inversiones en equipamiento. Todos los laboratorios que componen el SIdI cuentan con instrumentaci\u00f3n adaptada a las \u00faltimas tecnolog\u00edas y en continuo proceso de renovaci\u00f3n. Los usuarios del SIdI son en su mayor\u00eda de la Universidad Aut\u00f3noma de Madrid, aunque tambi\u00e9n se presta servicio a otros centros de investigaci\u00f3n p\u00fablicos y privados.<\/p>\n<p><!-- {\"name\":\"Company\",\"type\":\"layout\",\"children\":[{\"name\":\"\",\"type\":\"section\",\"props\":{\"style\":\"default\",\"width\":\"default\",\"vertical_align\":\"middle\",\"title_position\":\"top-left\",\"title_rotation\":\"left\",\"title_breakpoint\":\"xl\",\"image_position\":\"center-center\",\"header_transparent\":\"\"},\"children\":[{\"name\":\"\",\"type\":\"row\",\"props\":{\"fixed_width\":\"large\",\"breakpoint\":\"m\",\"layout\":\"1-1\"},\"children\":[{\"name\":\"\",\"type\":\"column\",\"props\":{\"widths\":[\"1-1\"],\"image_position\":\"center-center\"},\"children\":[{\"name\":\"\",\"type\":\"headline\",\"props\":{\"title_element\":\"h1\",\"content\":\"Servicios e infraestructuras\",\"title_style\":\"h3\",\"title_color\":\"danger\"}}]}]},{\"name\":\"\",\"type\":\"row\",\"props\":{\"fixed_width\":\"large\",\"breakpoint\":\"m\",\"layout\":\"1-1\"},\"children\":[{\"name\":\"\",\"type\":\"column\",\"props\":{\"widths\":[\"1-1\"],\"image_position\":\"center-center\"},\"children\":[{\"name\":\"\",\"type\":\"text\",\"props\":{\"margin\":\"default\",\"column_breakpoint\":\"m\",\"content\":\"\n\n<p>Adem\\u00e1s del equipamiento disponible en cada laboratorio, los grupos de investigaci\\u00f3n participantes tienen a su disposici\\u00f3n las infraestructuras institucionales que aportan los grandes equipos de alto coste que est\\u00e1n localizados en los distintos centros de investigaci\\u00f3n. Entre dichas Infraestructuras y Servicios, que ser\\u00e1n utilizados durante el desarrollo de TIRONET2-CM queremos resaltar los siguientes:<\\\/p>\",\"dropcap\":true}}]}]},{\"name\":\"\",\"type\":\"row\",\"props\":{\"fixed_width\":\"large\",\"breakpoint\":\"m\",\"layout\":\",,\",\"vertical_align\":false,\"divider\":true,\"match\":true},\"children\":[{\"name\":\"\",\"type\":\"column\",\"props\":{\"widths\":[\"\"],\"image_position\":\"center-center\",\"style\":\"secondary\"},\"children\":[{\"name\":\"\",\"type\":\"list\",\"props\":{\"show_image\":true,\"show_link\":true,\"image_align\":\"left\",\"content_style\":\"h6\",\"list_style\":\"\",\"image_border\":\"rounded\",\"text_align\":\"center\"},\"children\":[{\"name\":\"\",\"type\":\"list_item\",\"props\":{\"content\":\"\n\n<p>Cultivos celulares, Animalario, Salas de radioprotecci\\u00f3n, Servicio de Anatom\\u00eda Patol\\u00f3gica, An\\u00e1lisis de Imagen<\\\/p>\"}}]}]},{\"name\":\"\",\"type\":\"column\",\"props\":{\"widths\":[\"\"],\"image_position\":\"center-center\",\"style\":\"secondary\"},\"children\":[{\"name\":\"\",\"type\":\"list\",\"props\":{\"show_image\":true,\"show_link\":true,\"image_align\":\"left\",\"content_style\":\"h6\",\"text_align\":\"center\"},\"children\":[{\"name\":\"\",\"type\":\"list_item\",\"props\":{\"content\":\"\n\n<p>Microscop\\u00eda de fluorescencia y confocal, Citometr\\u00eda de flujo<\\\/p>\"}}]}]},{\"name\":\"\",\"type\":\"column\",\"props\":{\"widths\":[\"\"],\"image_position\":\"center-center\",\"style\":\"secondary\"},\"children\":[{\"name\":\"\",\"type\":\"list\",\"props\":{\"show_image\":true,\"show_link\":true,\"image_align\":\"left\",\"content_style\":\"h6\",\"text_align\":\"center\",\"image_border\":\"rounded\"},\"children\":[{\"name\":\"\",\"type\":\"list_item\",\"props\":{\"content\":\"\n\n<p>Secuenciaci\\u00f3n, Gen\\u00f3mica, Plataforma de Secuenciaci\\u00f3n masiva de nueva generaci\\u00f3n, Bioinform\\u00e1tica<\\\/p>\"}}]}]}]},{\"name\":\"\",\"type\":\"row\",\"props\":{\"fixed_width\":\"large\",\"breakpoint\":\"m\",\"layout\":\"1-1\"},\"children\":[{\"name\":\"\",\"type\":\"column\",\"props\":{\"widths\":[\"1-1\"],\"image_position\":\"center-center\"},\"children\":[{\"name\":\"\",\"type\":\"text\",\"props\":{\"margin\":\"default\",\"column_breakpoint\":\"m\",\"content\":\"\n\n<p>A trav\\u00e9s de las webs institucionales de cada una de las organizaciones participantes se puede obtener mayor detalle sobre las mismas:<\\\/p>\"}}]}]},{\"name\":\"\",\"type\":\"row\",\"props\":{\"fixed_width\":\"large\",\"breakpoint\":\"m\",\"layout\":\",3-4\"},\"children\":[{\"name\":\"\",\"type\":\"column\",\"props\":{\"widths\":[\"\"],\"image_position\":\"center-center\"},\"children\":[{\"name\":\"Panel IISP\",\"type\":\"panel\",\"props\":{\"title_element\":\"h3\",\"icon_ratio\":4,\"margin\":\"default\",\"image\":\"wp-content\\\/uploads\\\/Hospital-Princesa-1.jpg\",\"image_align\":\"top\",\"title\":\"IISP\",\"text_align\":\"center\",\"title_style\":\"h5\",\"link\":\"https:\\\/\\\/www.uam.es\\\/UAM\\\/SIdI\\\/1242663052047.htm\",\"link_style\":\"panel\",\"image_grid_width\":\"1-2\",\"image_breakpoint\":\"m\",\"link_text\":\"Read more\",\"meta_style\":\"meta\",\"meta_align\":\"bottom\",\"image_width\":\"960\",\"meta\":\"Servicio Interdepartamental de Investigaci\\u00f3n (SIdI)\",\"link_target\":true,\"panel_style\":\"card-secondary\",\"panel_size\":\"small\"}}]},{\"name\":\"\",\"type\":\"column\",\"props\":{\"widths\":[\"3-4\"],\"image_position\":\"center-center\",\"style\":\"secondary\",\"padding\":\"xsmall\"},\"children\":[{\"name\":\"\",\"type\":\"text\",\"props\":{\"margin\":\"default\",\"column_breakpoint\":\"m\",\"content\":\"\n\n<p>El Instituto de Investigaci\\u00f3n del Hospital de La Princesa fue constituido el 15 de Diciembre del 2009 en virtud de un convenio firmado entre centros sanitarios de la Consejer\\u00eda de Sanidad de la Comunidad de Madrid y otras instituciones de investigaci\\u00f3n b\\u00e1sica. Est\\u00e1 formado por el Hospital Universitario de La Princesa, Hospital Universitario de Santa Cristina, Hospital Infantil del Ni\\u00f1o Jes\\u00fas, \\u00c1rea de Influencia de Atenci\\u00f3n Primaria del Hospital U. de La Princesa y la Universidad Aut\\u00f3noma de Madrid.<\\\/p>\",\"text_style\":\"\",\"text_align\":\"\",\"dropcap\":true}}]}]},{\"name\":\"\",\"type\":\"row\",\"props\":{\"fixed_width\":\"large\",\"breakpoint\":\"m\",\"layout\":\",3-4\"},\"children\":[{\"name\":\"\",\"type\":\"column\",\"props\":{\"widths\":[\"\"],\"image_position\":\"center-center\"},\"children\":[{\"name\":\"Panel CNIO\",\"type\":\"panel\",\"props\":{\"title_element\":\"h3\",\"icon_ratio\":4,\"margin\":\"default\",\"image\":\"wp-content\\\/uploads\\\/cnio.png\",\"image_align\":\"top\",\"title\":\"CNIO\",\"text_align\":\"center\",\"title_style\":\"h5\",\"link\":\"https:\\\/\\\/www.cnio.es\\\/es\\\/index.asp\",\"link_style\":\"panel\",\"panel_style\":\"card-secondary\",\"image_grid_width\":\"1-2\",\"image_breakpoint\":\"m\",\"link_text\":\"Read more\",\"meta_style\":\"meta\",\"meta_align\":\"bottom\",\"image_width\":\"960\",\"meta\":\"Fundaci\\u00f3n Centro Nacional Investigaciones onocol\\u00f3gicas Carlos III\",\"content\":\"\",\"link_target\":true}}]},{\"name\":\"\",\"type\":\"column\",\"props\":{\"widths\":[\"3-4\"],\"image_position\":\"center-center\",\"style\":\"secondary\",\"padding\":\"xsmall\"},\"children\":[{\"name\":\"\",\"type\":\"text\",\"props\":{\"margin\":\"default\",\"column_breakpoint\":\"m\",\"content\":\"\n\n<p>El Centro Nacional de Investigaciones Oncol\\u00f3gicas (CNIO) fue creado en 1998 por el Instituto de Salud Carlos III y desde finales del 2011 se integra en el Ministerio de Econom\\u00eda y Competitividad. El CNIO est\\u00e1 gestionado por una fundaci\\u00f3n, creada simult\\u00e1neamente con el Centro, cuya denominaci\\u00f3n es la de Fundaci\\u00f3n Centro Nacional de Investigaciones Oncol\\u00f3gicas Carlos III. La misi\\u00f3n esencial del CNIO es llevar a cabo una investigaci\\u00f3n de excelencia y ofrecer tecnolog\\u00eda innovadora en el \\u00e1mbito del c\\u00e1ncer al Sistema Nacional de Salud y al Sistema Nacional de Ciencia e Innovaci\\u00f3n.<br \\\/>El CNIO es uno de los pocos centros oncol\\u00f3gicos europeos que destina sus recursos a investigaci\\u00f3n b\\u00e1sica y aplicada bajo un enfoque integrado, favoreciendo la interacci\\u00f3n de los programas de investigaci\\u00f3n b\\u00e1sica con los de diagn\\u00f3stico molecular y de descubrimiento de nuevos f\\u00e1rmacos, todo ello apoyado en una s\\u00f3lida infraestructura de equipamientos y servicios t\\u00e9cnicos.<\\\/p>\",\"dropcap\":true}}]}]},{\"name\":\"\",\"type\":\"row\",\"props\":{\"fixed_width\":\"large\",\"breakpoint\":\"m\",\"layout\":\",3-4\"},\"children\":[{\"name\":\"\",\"type\":\"column\",\"props\":{\"widths\":[\"\"],\"image_position\":\"center-center\"},\"children\":[{\"name\":\"Panel IIB\",\"type\":\"panel\",\"props\":{\"title_element\":\"h3\",\"icon_ratio\":4,\"margin\":\"\",\"image\":\"wp-content\\\/uploads\\\/Logo-instituto-investigacion-biomedicas-alberto-sols.jpg\",\"image_align\":\"top\",\"title\":\"IIBM\",\"text_align\":\"center\",\"title_style\":\"h5\",\"link\":\"www.iib.uam.es\",\"link_style\":\"panel\",\"animation\":\"slide-bottom-small\",\"image_grid_width\":\"1-2\",\"image_breakpoint\":\"m\",\"link_text\":\"Read more\",\"meta_style\":\"meta\",\"meta_align\":\"bottom\",\"panel_style\":\"card-secondary\",\"image_width\":\"960\",\"meta\":\"Instituto de Investigaciones Biom\\u00e9dicas \\\"Alberto Sols\\\"\",\"link_target\":true,\"image_border\":\"rounded\"}}]},{\"name\":\"\",\"type\":\"column\",\"props\":{\"widths\":[\"3-4\"],\"image_position\":\"center-center\",\"style\":\"secondary\",\"padding\":\"xsmall\"},\"children\":[{\"name\":\"\",\"type\":\"text\",\"props\":{\"margin\":\"default\",\"column_breakpoint\":\"m\",\"content\":\"\n\n<p>El IIB es Centro Mixto del CSIC y la Universidad Aut\\u00f3noma de Madrid desde 1998 (http:\\\/\\\/www.iib.uam.es). Alberga m\\u00e1s de quinientos investigadores y entre sus Servicios de Apoyo a la Investigaci\\u00f3n se encuentran; Secuenciaci\\u00f3n de ADN (Secuenciadores y PCR cuantitativa), Citometr\\u00eda de Flujo (Cit\\u00f3metros de dos y tres l\\u00e1seres), Imagen y Espectroscop\\u00eda por Resonancia Magn\\u00e9tica (SDcanners Briker Pharmascan and Bruker AVANCE 500WB), Microscop\\u00eda Fluorescencia, Radioprotecci\\u00f3n, Experimentaci\\u00f3n Animal.<br \\\/>En la actualidad se desarrollan en el Instituto m\\u00e1s de cien proyectos de investigacion en Areas como la Oncologia, Fiopatologia del Sistema Nervioso, Metabolismo y Se\\u00f1alizacion Celular y Modelos Animales de Enfermedades Humanas.<\\\/p>\",\"dropcap\":true}}]}]},{\"name\":\"\",\"type\":\"row\",\"props\":{\"fixed_width\":\"large\",\"breakpoint\":\"m\",\"layout\":\",3-4\"},\"children\":[{\"name\":\"\",\"type\":\"column\",\"props\":{\"widths\":[\"\"],\"image_position\":\"center-center\"},\"children\":[{\"name\":\"Panel UAM\",\"type\":\"panel\",\"props\":{\"title_element\":\"h3\",\"icon_ratio\":4,\"margin\":\"default\",\"image\":\"wp-content\\\/uploads\\\/logoUAM2018.jpg\",\"image_align\":\"top\",\"title\":\"UAM\",\"text_align\":\"center\",\"title_style\":\"h5\",\"link\":\"https:\\\/\\\/www.uam.es\\\/UAM\\\/SIdI\\\/1242663052047.htm\",\"link_style\":\"panel\",\"image_grid_width\":\"1-2\",\"image_breakpoint\":\"m\",\"link_text\":\"Read more\",\"meta_style\":\"meta\",\"meta_align\":\"bottom\",\"image_width\":\"960\",\"meta\":\"Servicio Interdepartamental de Investigaci\\u00f3n (SIdI)\",\"link_target\":true,\"panel_style\":\"card-secondary\",\"panel_size\":\"small\"}}]},{\"name\":\"\",\"type\":\"column\",\"props\":{\"widths\":[\"3-4\"],\"image_position\":\"center-center\",\"style\":\"secondary\",\"padding\":\"xsmall\"},\"children\":[{\"name\":\"\",\"type\":\"text\",\"props\":{\"margin\":\"default\",\"column_breakpoint\":\"m\",\"content\":\"\n\n<p>El SIdI es un proyecto que data de 1992 y que se cre\\u00f3 para centralizar los servicios instrumentales peque\\u00f1os que exist\\u00edan a nivel departamental en la Facultad de Ciencias. El objetivo de esta nueva organizaci\\u00f3n era regular la explotaci\\u00f3n de la infraestructura cient\\u00edfica de la Universidad y rentabilizar las inversiones en equipamiento. Todos los laboratorios que componen el SIdI cuentan con instrumentaci\\u00f3n adaptada a las \\u00faltimas tecnolog\\u00edas y en continuo proceso de renovaci\\u00f3n. Los usuarios del SIdI son en su mayor\\u00eda de la Universidad Aut\\u00f3noma de Madrid, aunque tambi\\u00e9n se presta servicio a otros centros de investigaci\\u00f3n p\\u00fablicos y privados.<\\\/p>\",\"dropcap\":true}}]}]}]}]} --><\/p>\n","protected":false},"excerpt":{"rendered":"<p>Servicios e infraestructuras Adem\u00e1s del equipamiento disponible en cada laboratorio, los grupos de investigaci\u00f3n participantes tienen a su disposici\u00f3n las infraestructuras institucionales que aportan los grandes equipos de alto coste que est\u00e1n localizados en los distintos centros de investigaci\u00f3n. Entre dichas Infraestructuras y Servicios, que ser\u00e1n utilizados durante el desarrollo de TIRONET2-CM queremos resaltar los [&hellip;]<\/p>\n","protected":false},"author":1,"featured_media":0,"parent":0,"menu_order":5,"comment_status":"closed","ping_status":"closed","template":"","meta":{"om_disable_all_campaigns":false,"footnotes":""},"class_list":["post-14","page","type-page","status-publish","hentry"],"aioseo_notices":[],"jetpack_sharing_enabled":true,"_links":{"self":[{"href":"https:\/\/itironet.com\/index.php?rest_route=\/wp\/v2\/pages\/14","targetHints":{"allow":["GET"]}}],"collection":[{"href":"https:\/\/itironet.com\/index.php?rest_route=\/wp\/v2\/pages"}],"about":[{"href":"https:\/\/itironet.com\/index.php?rest_route=\/wp\/v2\/types\/page"}],"author":[{"embeddable":true,"href":"https:\/\/itironet.com\/index.php?rest_route=\/wp\/v2\/users\/1"}],"replies":[{"embeddable":true,"href":"https:\/\/itironet.com\/index.php?rest_route=%2Fwp%2Fv2%2Fcomments&post=14"}],"version-history":[{"count":10,"href":"https:\/\/itironet.com\/index.php?rest_route=\/wp\/v2\/pages\/14\/revisions"}],"predecessor-version":[{"id":476,"href":"https:\/\/itironet.com\/index.php?rest_route=\/wp\/v2\/pages\/14\/revisions\/476"}],"wp:attachment":[{"href":"https:\/\/itironet.com\/index.php?rest_route=%2Fwp%2Fv2%2Fmedia&parent=14"}],"curies":[{"name":"wp","href":"https:\/\/api.w.org\/{rel}","templated":true}]}}