{"id":15,"date":"2016-10-20T08:08:58","date_gmt":"2016-10-20T08:08:58","guid":{"rendered":"http:\/\/192.168.1.55\/yootheme_pro\/2016\/Horizon\/Website_WP\/index.php\/pricing\/"},"modified":"2022-03-22T07:41:16","modified_gmt":"2022-03-22T07:41:16","slug":"pricing","status":"publish","type":"page","link":"https:\/\/itironet.com\/?page_id=15","title":{"rendered":"Pricing"},"content":{"rendered":"<p><!-- Builder # --><\/p>\n<h1>GRUPO 1: Tiroides.<br \/>Responsable: Pilar Santisteban Sanz<\/h1>\n<div>\n<p><img loading=\"lazy\" decoding=\"async\" class=\"alignleft  wp-image-722\" src=\"https:\/\/itironet.com\/wp-content\/uploads\/Foto-Pilar-Santisteban-Circulo-300x300.png\" alt=\"\" width=\"247\" height=\"247\" srcset=\"https:\/\/itironet.com\/wp-content\/uploads\/Foto-Pilar-Santisteban-Circulo-300x300.png 300w, https:\/\/itironet.com\/wp-content\/uploads\/Foto-Pilar-Santisteban-Circulo-150x150.png 150w, https:\/\/itironet.com\/wp-content\/uploads\/Foto-Pilar-Santisteban-Circulo.png 333w\" sizes=\"auto, (max-width: 247px) 100vw, 247px\" \/><\/p>\n<p>El grupo dirigido por la Dra. Pilar Santisteban en el Instituto de Investigaciones Biom\u00e9dicas \u201cAlberto Sols\u201d (IIB), centro mixto del CSIC y la UAM, tiene amplia experiencia en el campo de la fisiopatolog\u00eda tiroidea en estudios que van desde la diferenciaci\u00f3n hasta el c\u00e1ncer. El perfil t\u00e9cnico de este grupo es principalmente de experiencia en Biolog\u00eda Molecular y Celular con diferentes aproximaciones experimentales y siempre incorporando a sus estudios las tecnolog\u00edas m\u00e1s actuales y relevantes para demostrar los objetivos planteados.<br \/>El grupo mantiene una trayectoria continuada de colaboraci\u00f3n con grupos cl\u00ednicos nacionales e internacionales para el estudio de patolog\u00edas tiroideas humanas. Uno de los trabajos relevantes del grupo, ha sido la demostraci\u00f3n de que el oncog\u00e9n BRAF, que es el oncog\u00e9n m\u00e1s frecuente en carcinomas papilares de tiroides reprime la expresi\u00f3n y funci\u00f3n del transportador de yodo NIS haciendo a esos tumores resistentes al tratamiento con radioyodo y por tanto m\u00e1s agresivos y de dif\u00edcil curaci\u00f3n.<br \/>El grupo dirigido por la Dra. Santisteban por tanto tiene una trayectoria reconocida nacional e internacionalmente en el campo del tiroides lo que le ha llevado a recibir invitaciones nacionales e internacionales a seminarios y conferencias. Ha sido Vicepresidenta de la Sociedad Espa\u00f1ola de Endocrinolog\u00eda y Nutrici\u00f3n y actualmente es Presidenta de la Sociedad Europea de Tiroides.<\/p>\n<\/div>\n<p>\n    <a href=\"index.php?page_id=529\">INFORMACION DEL GRUPO<\/a>\n<\/p>\n<h1>GRUPO 2: C\u00e1ncer Endocrino Hereditario.<br \/>Responsable: Mercedes Robledo Batanero<\/h1>\n<div>\n<p><img loading=\"lazy\" decoding=\"async\" class=\"alignright wp-image-381 size-full\" src=\"https:\/\/itironet.com\/wp-content\/uploads\/MercedesRobledo-1.png\" alt=\"\" width=\"207\" height=\"207\" srcset=\"https:\/\/itironet.com\/wp-content\/uploads\/MercedesRobledo-1.png 207w, https:\/\/itironet.com\/wp-content\/uploads\/MercedesRobledo-1-150x150.png 150w\" sizes=\"auto, (max-width: 207px) 100vw, 207px\" \/>El grupo 2 est\u00e1 dirigido por la Dra. Mercedes Robledo, de la Fundaci\u00f3n Centro Nacional de Investigaciones Oncol\u00f3gicas. Tiene amplia experiencia en la identificaci\u00f3n de marcadores asociados a pron\u00f3stico, diagn\u00f3stico y background gen\u00e9tico, as\u00ed como en el manejo e interpretaci\u00f3n de datos procedentes de plataformas OMICAS. Ha identificado nuevos genes relacionados con susceptibilidad a desarrollar tumores neuroendocrinos, y marcadores de utilidad cl\u00ednica. El grupo de la Dra. Robledo centra sus estudios no solo en identificar y validar marcadores de respuesta a radioyodo, sino de identificar segundas mutaciones que podr\u00edan representar dianas terap\u00e9uticas atractivas. <br \/>La investigadora principal de este grupo lleva trabajando en s\u00edndromes endocrinos desde 1997, centrado su inter\u00e9s la identificaci\u00f3n de factores gen\u00e9ticos adicionales relacionados con la susceptibilidad para desarrollar estos tumores, la identificaci\u00f3n de marcadores moleculares de pron\u00f3stico, y respuesta a terapias, y finalmente, la identificaci\u00f3n de genes, rutas o regiones cromos\u00f3micas espec\u00edficas a la condici\u00f3n gen\u00e9tica del individuo en estudio y que puedan ser dianas terap\u00e9uticas de inter\u00e9s.<\/p>\n<\/div>\n<p>\n    <a href=\"index.php?page_id=511\">INFORMACION DEL GRUPO<\/a>\n<\/p>\n<h1>GRUPO 3: Autoinmunidad Tiroidea.<br \/>Responsable: M\u00f3nica Marazuela Azpiroz<\/h1>\n<div>\n<p><img loading=\"lazy\" decoding=\"async\" class=\"wp-image-382  alignleft\" src=\"https:\/\/itironet.com\/wp-content\/uploads\/MonicaMarazuela-1.png\" alt=\"\" width=\"243\" height=\"243\" srcset=\"https:\/\/itironet.com\/wp-content\/uploads\/MonicaMarazuela-1.png 271w, https:\/\/itironet.com\/wp-content\/uploads\/MonicaMarazuela-1-150x150.png 150w\" sizes=\"auto, (max-width: 243px) 100vw, 243px\" \/><\/p>\n<p>El grupo dirigido por la Dra. M\u00f3nica Marazuela ha centrado sus investigaciones principalmente en el estudio de la inmunolog\u00eda de las enfermedades tiroideas autoinmunes. En la actualidad constituye un \u00e1rea de investigaci\u00f3n espec\u00edfica del Instituto de Investigaci\u00f3n Sanitaria Princesa. Cuenta con personal con formaci\u00f3n especializada en medicina, doctores en medicina, doctores en biolog\u00eda, becarios predoctorales y t\u00e9cnicos de laboratorio con amplia experiencia en la investigaci\u00f3n b\u00e1sica y cl\u00ednica. <br \/>El Hospital de la Princesa en un centro de referencia en el manejo de pacientes con oftalmopat\u00eda de Graves en el que colaboran m\u00e9dicos de los Servicios de Endocrinolog\u00eda, Oftalmolog\u00eda, Cirug\u00eda maxilofacial y Radioterapia. Este grupo dispone, por una parte, del elevado flujo de pacientes necesario y, por otra parte, de la tecnolog\u00eda y los medios adecuados para realizar un proyecto cl\u00ednicob\u00e1sico, que se enmarca en el \u00e1mbito asistencial y de la biolog\u00eda molecular y celular.<br \/>El grupo presenta una extensa y relevante trayectoria investigadora, asimismo, goza de un importante componente de investigaci\u00f3n traslacional b\u00e1sicocl\u00ednico, basado en un abordaje global del estudio de los mencionados trastornos endocrinol\u00f3gicos, cubriendo no s\u00f3lo los aspectos puramente b\u00e1sicos, sino tambi\u00e9n aquellos aspectos relacionados con su fisiopatolog\u00eda, epidemiolog\u00eda, diagn\u00f3stico y tratamientoy cuenta con un elevado n\u00famero de proyectos y de publicaciones cient\u00edficas en revistas de impacto en las \u00e1reas de conocimiento mencionadas.<\/p>\n<\/div>\n<p>\n    <a href=\"index.php?page_id=519\">INFORMACION DEL GRUPO<\/a>\n<\/p>\n<h1>GRUPO 4: Inflamaci\u00f3n hormonas tiroideas.<br \/>Responsable: Susana Alemany de la Pe\u00f1a<\/h1>\n<div>\n<p><img loading=\"lazy\" decoding=\"async\" class=\"wp-image-383  alignright\" src=\"https:\/\/itironet.com\/wp-content\/uploads\/SusanaAlemany-1-300x300.png\" alt=\"\" width=\"235\" height=\"235\" srcset=\"https:\/\/itironet.com\/wp-content\/uploads\/SusanaAlemany-1-300x300.png 300w, https:\/\/itironet.com\/wp-content\/uploads\/SusanaAlemany-1-150x150.png 150w, https:\/\/itironet.com\/wp-content\/uploads\/SusanaAlemany-1-768x768.png 768w, https:\/\/itironet.com\/wp-content\/uploads\/SusanaAlemany-1.png 970w\" sizes=\"auto, (max-width: 235px) 100vw, 235px\" \/><\/p>\n<p>por la Dra. Mercedes Robledo, de la Fundaci\u00f3n Centro Nacional de Investigaciones Oncol\u00f3gicas. Tiene amplia experiencia en la identificaci\u00f3n de marcadores asociados a pron\u00f3stico, diagn\u00f3stico y background gen\u00e9tico, as\u00ed como en el manejo e interpretaci\u00f3n de datos procedentes de plataformas OMICAS. Ha identificado nuevos genes relacionados con susceptibilidad a desarrollar tumores neuroendocrinos, y marcadores de utilidad cl\u00ednica. El grupo de la Dra. Robledo centra sus estudios no solo en identificar y validar marcadores de respuesta a radioyodo, sino de identificar segundas mutaciones que podr\u00edan representar dianas terap\u00e9uticas atractivas. <br \/>La investigadora principal de este grupo lleva trabajando en s\u00edndromes endocrinos desde 1997, centrado su inter\u00e9s la identificaci\u00f3n de factores gen\u00e9ticos adicionales relacionados con la susceptibilidad para desarrollar estos tumores, la identificaci\u00f3n de marcadores moleculares de pron\u00f3stico, y respuesta a terapias, y finalmente, la identificaci\u00f3n de genes, rutas o regiones cromos\u00f3micas espec\u00edficas a la condici\u00f3n gen\u00e9tica del individuo en estudio y que puedan ser dianas terap\u00e9uticas de inter\u00e9s.<\/p>\n<\/div>\n<p>\n    <a href=\"index.php?page_id=495\">INFORMACION DEL GRUPO<\/a>\n<\/p>\n<p><!-- {\"name\":\"Pricing\",\"type\":\"layout\",\"children\":[{\"name\":\"\",\"type\":\"section\",\"props\":{\"style\":\"secondary\",\"width\":\"default\",\"vertical_align\":\"middle\",\"title_position\":\"top-left\",\"title_rotation\":\"left\",\"title_breakpoint\":\"xl\",\"image_position\":\"center-center\",\"image_effect\":\"\"},\"children\":[{\"name\":\"\",\"type\":\"row\",\"props\":{\"fixed_width\":\"large\",\"breakpoint\":\"m\",\"layout\":\"1-1\"},\"children\":[{\"name\":\"\",\"type\":\"column\",\"props\":{\"widths\":[\"1-1\"],\"image_position\":\"center-center\",\"media_overlay_gradient\":\"\"},\"children\":[{\"name\":\"\",\"type\":\"headline\",\"props\":{\"title_element\":\"h1\",\"content\":\"GRUPO 1: Tiroides.<br \\\/>Responsable: Pilar Santisteban Sanz\",\"title_style\":\"h4\",\"title_color\":\"danger\"}},{\"name\":\"\",\"type\":\"text\",\"props\":{\"margin\":\"default\",\"column_breakpoint\":\"m\",\"content\":\"\n\n<p><img class=\\\"alignleft  wp-image-722\\\" src=\\\"https:\\\/\\\/itironet.com\\\/wp-content\\\/uploads\\\/Foto-Pilar-Santisteban-Circulo-300x300.png\\\" alt=\\\"\\\" width=\\\"247\\\" height=\\\"247\\\" \\\/><\\\/p>\\n\n\n<p>El grupo dirigido por la Dra. Pilar Santisteban en el Instituto de Investigaciones Biom\\u00e9dicas \\u201cAlberto Sols\\u201d (IIB), centro mixto del CSIC y la UAM, tiene amplia experiencia en el campo de la fisiopatolog\\u00eda tiroidea en estudios que van desde la diferenciaci\\u00f3n hasta el c\\u00e1ncer. El perfil t\\u00e9cnico de este grupo es principalmente de experiencia en Biolog\\u00eda Molecular y Celular con diferentes aproximaciones experimentales y siempre incorporando a sus estudios las tecnolog\\u00edas m\\u00e1s actuales y relevantes para demostrar los objetivos planteados.<br \\\/>El grupo mantiene una trayectoria continuada de colaboraci\\u00f3n con grupos cl\\u00ednicos nacionales e internacionales para el estudio de patolog\\u00edas tiroideas humanas. Uno de los trabajos relevantes del grupo, ha sido la demostraci\\u00f3n de que el oncog\\u00e9n BRAF, que es el oncog\\u00e9n m\\u00e1s frecuente en carcinomas papilares de tiroides reprime la expresi\\u00f3n y funci\\u00f3n del transportador de yodo NIS haciendo a esos tumores resistentes al tratamiento con radioyodo y por tanto m\\u00e1s agresivos y de dif\\u00edcil curaci\\u00f3n.<br \\\/>El grupo dirigido por la Dra. Santisteban por tanto tiene una trayectoria reconocida nacional e internacionalmente en el campo del tiroides lo que le ha llevado a recibir invitaciones nacionales e internacionales a seminarios y conferencias. Ha sido Vicepresidenta de la Sociedad Espa\\u00f1ola de Endocrinolog\\u00eda y Nutrici\\u00f3n y actualmente es Presidenta de la Sociedad Europea de Tiroides.<\\\/p>\",\"text_style\":\"\",\"text_color\":\"\",\"text_size\":\"\",\"column\":\"\",\"position\":\"\",\"position_z_index\":\"\",\"maxwidth\":\"\",\"maxwidth_breakpoint\":\"\",\"block_align\":\"\",\"block_align_breakpoint\":\"\",\"block_align_fallback\":\"\",\"text_align\":\"\",\"text_align_breakpoint\":\"\",\"text_align_fallback\":\"\",\"animation\":\"\",\"visibility\":\"\"}},{\"type\":\"button\",\"props\":{\"gutter\":\"small\",\"margin\":\"default\",\"button_size\":\"\",\"text_align\":\"center\",\"text_align_breakpoint\":\"\",\"text_align_fallback\":\"\",\"maxwidth\":\"\",\"maxwidth_breakpoint\":\"\",\"animation\":\"\",\"visibility\":\"\",\"block_align\":\"\"},\"children\":[{\"type\":\"button_item\",\"props\":{\"button_style\":\"default\",\"icon_align\":\"left\",\"link_target\":\"\",\"content\":\"INFORMACION DEL GRUPO\",\"link\":\"index.php?page_id=529\",\"icon\":\"info\"}}]}]}]}]},{\"name\":\"\",\"type\":\"section\",\"props\":{\"style\":\"default\",\"width\":\"default\",\"vertical_align\":\"middle\",\"title_position\":\"top-left\",\"title_rotation\":\"left\",\"title_breakpoint\":\"xl\",\"image_position\":\"center-center\",\"image_effect\":\"\"},\"children\":[{\"name\":\"\",\"type\":\"row\",\"props\":{\"fixed_width\":\"large\",\"breakpoint\":\"m\",\"layout\":\"1-1\"},\"children\":[{\"name\":\"\",\"type\":\"column\",\"props\":{\"widths\":[\"1-1\"],\"image_position\":\"center-center\",\"media_overlay_gradient\":\"\"},\"children\":[{\"name\":\"\",\"type\":\"headline\",\"props\":{\"title_element\":\"h1\",\"content\":\"GRUPO 2: C\\u00e1ncer Endocrino Hereditario.<br \\\/>Responsable: Mercedes Robledo Batanero\",\"title_style\":\"h4\",\"title_color\":\"danger\",\"text_align\":\"right\"}},{\"name\":\"\",\"type\":\"text\",\"props\":{\"margin\":\"default\",\"column_breakpoint\":\"m\",\"content\":\"\n\n<p><img class=\\\"alignright wp-image-381 size-full\\\" src=\\\"https:\\\/\\\/itironet.com\\\/wp-content\\\/uploads\\\/MercedesRobledo-1.png\\\" alt=\\\"\\\" width=\\\"207\\\" height=\\\"207\\\" \\\/>El grupo 2 est\\u00e1 dirigido por la Dra. Mercedes Robledo, de la Fundaci\\u00f3n Centro Nacional de Investigaciones Oncol\\u00f3gicas. Tiene amplia experiencia en la identificaci\\u00f3n de marcadores asociados a pron\\u00f3stico, diagn\\u00f3stico y background gen\\u00e9tico, as\\u00ed como en el manejo e interpretaci\\u00f3n de datos procedentes de plataformas OMICAS. Ha identificado nuevos genes relacionados con susceptibilidad a desarrollar tumores neuroendocrinos, y marcadores de utilidad cl\\u00ednica. El grupo de la Dra. Robledo centra sus estudios no solo en identificar y validar marcadores de respuesta a radioyodo, sino de identificar segundas mutaciones que podr\\u00edan representar dianas terap\\u00e9uticas atractivas. <br \\\/>La investigadora principal de este grupo lleva trabajando en s\\u00edndromes endocrinos desde 1997, centrado su inter\\u00e9s la identificaci\\u00f3n de factores gen\\u00e9ticos adicionales relacionados con la susceptibilidad para desarrollar estos tumores, la identificaci\\u00f3n de marcadores moleculares de pron\\u00f3stico, y respuesta a terapias, y finalmente, la identificaci\\u00f3n de genes, rutas o regiones cromos\\u00f3micas espec\\u00edficas a la condici\\u00f3n gen\\u00e9tica del individuo en estudio y que puedan ser dianas terap\\u00e9uticas de inter\\u00e9s.<\\\/p>\"}},{\"type\":\"button\",\"props\":{\"gutter\":\"small\",\"margin\":\"default\",\"button_size\":\"\",\"text_align\":\"center\",\"text_align_breakpoint\":\"\",\"text_align_fallback\":\"\",\"maxwidth\":\"\",\"maxwidth_breakpoint\":\"\",\"animation\":\"\",\"visibility\":\"\",\"block_align\":\"\"},\"children\":[{\"type\":\"button_item\",\"props\":{\"button_style\":\"default\",\"icon_align\":\"left\",\"link_target\":\"\",\"content\":\"INFORMACION DEL GRUPO\",\"link\":\"index.php?page_id=511\",\"icon\":\"info\"}}]}]}]}]},{\"name\":\"\",\"type\":\"section\",\"props\":{\"style\":\"secondary\",\"width\":\"default\",\"vertical_align\":\"middle\",\"title_position\":\"top-left\",\"title_rotation\":\"left\",\"title_breakpoint\":\"xl\",\"image_position\":\"center-center\",\"image_effect\":\"\"},\"children\":[{\"name\":\"\",\"type\":\"row\",\"props\":{\"fixed_width\":\"large\",\"breakpoint\":\"m\",\"layout\":\"1-1\"},\"children\":[{\"name\":\"\",\"type\":\"column\",\"props\":{\"widths\":[\"1-1\"],\"image_position\":\"center-center\",\"media_overlay_gradient\":\"\"},\"children\":[{\"name\":\"\",\"type\":\"headline\",\"props\":{\"title_element\":\"h1\",\"content\":\"GRUPO 3: Autoinmunidad Tiroidea.<br \\\/>Responsable: M\\u00f3nica Marazuela Azpiroz\",\"title_style\":\"h4\",\"title_color\":\"danger\"}},{\"name\":\"\",\"type\":\"text\",\"props\":{\"margin\":\"default\",\"column_breakpoint\":\"m\",\"content\":\"\n\n<p><img class=\\\"wp-image-382  alignleft\\\" src=\\\"https:\\\/\\\/itironet.com\\\/wp-content\\\/uploads\\\/MonicaMarazuela-1.png\\\" alt=\\\"\\\" width=\\\"243\\\" height=\\\"243\\\" \\\/><\\\/p>\\n\n\n<p>El grupo dirigido por la Dra. M\\u00f3nica Marazuela ha centrado sus investigaciones principalmente en el estudio de la inmunolog\\u00eda de las enfermedades tiroideas autoinmunes. En la actualidad constituye un \\u00e1rea de investigaci\\u00f3n espec\\u00edfica del Instituto de Investigaci\\u00f3n Sanitaria Princesa. Cuenta con personal con formaci\\u00f3n especializada en medicina, doctores en medicina, doctores en biolog\\u00eda, becarios predoctorales y t\\u00e9cnicos de laboratorio con amplia experiencia en la investigaci\\u00f3n b\\u00e1sica y cl\\u00ednica. <br \\\/>El Hospital de la Princesa en un centro de referencia en el manejo de pacientes con oftalmopat\\u00eda de Graves en el que colaboran m\\u00e9dicos de los Servicios de Endocrinolog\\u00eda, Oftalmolog\\u00eda, Cirug\\u00eda maxilofacial y Radioterapia. Este grupo dispone, por una parte, del elevado flujo de pacientes necesario y, por otra parte, de la tecnolog\\u00eda y los medios adecuados para realizar un proyecto cl\\u00ednicob\\u00e1sico, que se enmarca en el \\u00e1mbito asistencial y de la biolog\\u00eda molecular y celular.<br \\\/>El grupo presenta una extensa y relevante trayectoria investigadora, asimismo, goza de un importante componente de investigaci\\u00f3n traslacional b\\u00e1sicocl\\u00ednico, basado en un abordaje global del estudio de los mencionados trastornos endocrinol\\u00f3gicos, cubriendo no s\\u00f3lo los aspectos puramente b\\u00e1sicos, sino tambi\\u00e9n aquellos aspectos relacionados con su fisiopatolog\\u00eda, epidemiolog\\u00eda, diagn\\u00f3stico y tratamientoy cuenta con un elevado n\\u00famero de proyectos y de publicaciones cient\\u00edficas en revistas de impacto en las \\u00e1reas de conocimiento mencionadas.<\\\/p>\"}},{\"type\":\"button\",\"props\":{\"gutter\":\"small\",\"margin\":\"default\",\"button_size\":\"\",\"text_align\":\"center\",\"text_align_breakpoint\":\"\",\"text_align_fallback\":\"\",\"maxwidth\":\"\",\"maxwidth_breakpoint\":\"\",\"animation\":\"\",\"visibility\":\"\",\"block_align\":\"\"},\"children\":[{\"type\":\"button_item\",\"props\":{\"button_style\":\"default\",\"icon_align\":\"left\",\"link_target\":\"\",\"content\":\"INFORMACION DEL GRUPO\",\"link\":\"index.php?page_id=519\",\"icon\":\"info\"}}]}]}]}]},{\"name\":\"\",\"type\":\"section\",\"props\":{\"style\":\"default\",\"width\":\"default\",\"vertical_align\":\"middle\",\"title_position\":\"top-left\",\"title_rotation\":\"left\",\"title_breakpoint\":\"xl\",\"image_position\":\"center-center\",\"image_effect\":\"\"},\"children\":[{\"name\":\"\",\"type\":\"row\",\"props\":{\"fixed_width\":\"large\",\"breakpoint\":\"m\",\"layout\":\"1-1\"},\"children\":[{\"name\":\"\",\"type\":\"column\",\"props\":{\"widths\":[\"1-1\"],\"image_position\":\"center-center\",\"media_overlay_gradient\":\"\"},\"children\":[{\"name\":\"\",\"type\":\"headline\",\"props\":{\"title_element\":\"h1\",\"content\":\"GRUPO 4: Inflamaci\\u00f3n hormonas tiroideas.<br \\\/>Responsable: Susana Alemany de la Pe\\u00f1a\",\"title_style\":\"h4\",\"title_color\":\"danger\",\"text_align\":\"right\"}},{\"name\":\"\",\"type\":\"text\",\"props\":{\"margin\":\"default\",\"column_breakpoint\":\"m\",\"content\":\"\n\n<p><img class=\\\"wp-image-383  alignright\\\" src=\\\"https:\\\/\\\/itironet.com\\\/wp-content\\\/uploads\\\/SusanaAlemany-1-300x300.png\\\" alt=\\\"\\\" width=\\\"235\\\" height=\\\"235\\\" \\\/><\\\/p>\\n\n\n<p>por la Dra. Mercedes Robledo, de la Fundaci\\u00f3n Centro Nacional de Investigaciones Oncol\\u00f3gicas. Tiene amplia experiencia en la identificaci\\u00f3n de marcadores asociados a pron\\u00f3stico, diagn\\u00f3stico y background gen\\u00e9tico, as\\u00ed como en el manejo e interpretaci\\u00f3n de datos procedentes de plataformas OMICAS. Ha identificado nuevos genes relacionados con susceptibilidad a desarrollar tumores neuroendocrinos, y marcadores de utilidad cl\\u00ednica. El grupo de la Dra. Robledo centra sus estudios no solo en identificar y validar marcadores de respuesta a radioyodo, sino de identificar segundas mutaciones que podr\\u00edan representar dianas terap\\u00e9uticas atractivas. <br \\\/>La investigadora principal de este grupo lleva trabajando en s\\u00edndromes endocrinos desde 1997, centrado su inter\\u00e9s la identificaci\\u00f3n de factores gen\\u00e9ticos adicionales relacionados con la susceptibilidad para desarrollar estos tumores, la identificaci\\u00f3n de marcadores moleculares de pron\\u00f3stico, y respuesta a terapias, y finalmente, la identificaci\\u00f3n de genes, rutas o regiones cromos\\u00f3micas espec\\u00edficas a la condici\\u00f3n gen\\u00e9tica del individuo en estudio y que puedan ser dianas terap\\u00e9uticas de inter\\u00e9s.<\\\/p>\"}},{\"type\":\"button\",\"props\":{\"gutter\":\"small\",\"margin\":\"default\",\"button_size\":\"\",\"text_align\":\"center\",\"text_align_breakpoint\":\"\",\"text_align_fallback\":\"\",\"maxwidth\":\"\",\"maxwidth_breakpoint\":\"\",\"animation\":\"\",\"visibility\":\"\",\"block_align\":\"\"},\"children\":[{\"type\":\"button_item\",\"props\":{\"button_style\":\"default\",\"icon_align\":\"left\",\"link_target\":\"\",\"content\":\"INFORMACION DEL GRUPO\",\"link\":\"index.php?page_id=495\",\"icon\":\"info\"}}]}]}]}]}],\"props\":[],\"version\":\"1.20.2\"} --><\/p>\n","protected":false},"excerpt":{"rendered":"<p>GRUPO 1: Tiroides.Responsable: Pilar Santisteban Sanz El grupo dirigido por la Dra. Pilar Santisteban en el Instituto de Investigaciones Biom\u00e9dicas \u201cAlberto Sols\u201d (IIB), centro mixto del CSIC y la UAM, tiene amplia experiencia en el campo de la fisiopatolog\u00eda tiroidea en estudios que van desde la diferenciaci\u00f3n hasta el c\u00e1ncer. El perfil t\u00e9cnico de este [&hellip;]<\/p>\n","protected":false},"author":1,"featured_media":0,"parent":0,"menu_order":4,"comment_status":"closed","ping_status":"closed","template":"","meta":{"om_disable_all_campaigns":false,"footnotes":""},"class_list":["post-15","page","type-page","status-publish","hentry"],"aioseo_notices":[],"jetpack_sharing_enabled":true,"_links":{"self":[{"href":"https:\/\/itironet.com\/index.php?rest_route=\/wp\/v2\/pages\/15","targetHints":{"allow":["GET"]}}],"collection":[{"href":"https:\/\/itironet.com\/index.php?rest_route=\/wp\/v2\/pages"}],"about":[{"href":"https:\/\/itironet.com\/index.php?rest_route=\/wp\/v2\/types\/page"}],"author":[{"embeddable":true,"href":"https:\/\/itironet.com\/index.php?rest_route=\/wp\/v2\/users\/1"}],"replies":[{"embeddable":true,"href":"https:\/\/itironet.com\/index.php?rest_route=%2Fwp%2Fv2%2Fcomments&post=15"}],"version-history":[{"count":17,"href":"https:\/\/itironet.com\/index.php?rest_route=\/wp\/v2\/pages\/15\/revisions"}],"predecessor-version":[{"id":724,"href":"https:\/\/itironet.com\/index.php?rest_route=\/wp\/v2\/pages\/15\/revisions\/724"}],"wp:attachment":[{"href":"https:\/\/itironet.com\/index.php?rest_route=%2Fwp%2Fv2%2Fmedia&parent=15"}],"curies":[{"name":"wp","href":"https:\/\/api.w.org\/{rel}","templated":true}]}}