{"id":486,"date":"2018-10-03T09:45:37","date_gmt":"2018-10-03T09:45:37","guid":{"rendered":"https:\/\/itironet.com\/?page_id=486"},"modified":"2019-02-11T12:07:58","modified_gmt":"2019-02-11T12:07:58","slug":"eventos-cooperativos","status":"publish","type":"page","link":"https:\/\/itironet.com\/?page_id=486","title":{"rendered":"Eventos cooperativos"},"content":{"rendered":"<p>6th Symposium on Biomedical Research<\/p>\n<p>Este a\u00f1o el Simposio anual de Investigaci\u00f3n en Biomedicina organizado conjuntamente por la Facultad de Medicina de la UAM y el Instituto de Investigaciones Biom\u00e9dicas (IIBM) Alberto Sols (UAM-CSIC) tiene como tem\u00e1tica los \u00abAvances y Perspectivas en Endocrinolog\u00eda Molecular\u00bb y tendr\u00e1 lugar el pr\u00f3ximo 31 de mayo de 2019 en el Aula Magna de la Facultad de Medicina de la UAM.<br \/>\nEl Simposio rendir\u00e1 homenaje a la Dra. Gabriella Morreale, como una figura reconocida internacionalmente en la investigaci\u00f3n en endocrinolog\u00eda.<br \/>\nLa inscripci\u00f3n es gratuita; se pueden enviar abstracts hasta el 31 de marzo.<br \/>\nhttps:\/\/eventos.uam.es\/28633\/detail\/6th-symposium-on-biomedical-reserch-advances-and-perspectives-in-molecular-endocrinology.html<br \/>\nPueden escribir a 6sbr.endocrinology@gmail.com para cualquier pregunta o comentario.\u00a0Certificado con 1 ECTS.<\/p>\n<p>DESCARGAR CARTEL<\/p>\n<p><!-- {\"name\":\"\",\"type\":\"layout\",\"children\":[{\"name\":\"Simposios\",\"type\":\"section\",\"props\":{\"width\":\"\",\"padding\":\"\",\"style\":\"default\",\"image_size\":\"cover\",\"animation\":\"fade\",\"animation_delay\":true,\"padding_remove_bottom\":true,\"image_position\":\"center-center\",\"vertical_align\":\"middle\",\"title_position\":\"top-left\",\"title_rotation\":\"left\",\"title_breakpoint\":\"xl\"},\"children\":[{\"name\":\"\",\"type\":\"row\",\"props\":{\"fixed_width\":\"large\",\"breakpoint\":\"m\",\"layout\":\"1-1\"},\"children\":[{\"name\":\"\",\"type\":\"column\",\"props\":{\"widths\":[\"1-1\"],\"image_position\":\"center-center\"},\"children\":[{\"name\":\"\",\"type\":\"headline\",\"props\":{\"title_element\":\"h1\",\"content\":\"6th Symposium on Biomedical Research\",\"title_style\":\"h4\",\"title_color\":\"danger\"}}]}]},{\"name\":\"\",\"type\":\"row\",\"props\":{\"fixed_width\":\"large\",\"breakpoint\":\"m\",\"layout\":\",\",\"vertical_align\":true,\"divider\":true},\"children\":[{\"name\":\"\",\"type\":\"column\",\"props\":{\"widths\":[\"\"],\"image_position\":\"center-center\"},\"children\":[{\"name\":\"\",\"type\":\"image\",\"props\":{\"margin\":\"default\",\"image\":\"wp-content\\\/uploads\\\/Cartel-anunciador.jpg\",\"image_width\":\"400\",\"image_border\":\"rounded\",\"image_box_shadow\":\"small\",\"image_box_shadow_bottom\":true,\"text_align\":\"center\",\"link\":\"wp-content\\\/uploads\\\/Cartel-anunciador.jpg\",\"link_target\":\"blank\"}}]},{\"name\":\"\",\"type\":\"column\",\"props\":{\"widths\":[\"\"],\"image_position\":\"center-center\"},\"children\":[{\"name\":\"\",\"type\":\"text\",\"props\":{\"margin\":\"default\",\"column_breakpoint\":\"m\",\"content\":\"\n\n<p>Este a\\u00f1o el Simposio anual de <em>Investigaci\\u00f3n en Biomedicina<\\\/em> organizado conjuntamente por la Facultad de Medicina de la UAM y el Instituto de Investigaciones Biom\\u00e9dicas (<strong>IIBM<\\\/strong>) Alberto Sols (<strong>UAM-CSIC<\\\/strong>) tiene como tem\\u00e1tica los <strong><em>\\\"Avances y Perspectivas en Endocrinolog\\u00eda Molecular\\\"<\\\/em><\\\/strong> y tendr\\u00e1 lugar el pr\\u00f3ximo 31 de mayo de 2019 en el Aula Magna de la Facultad de Medicina de la <strong>UAM<\\\/strong>.<\\\/p>\\n\n\n<p>El Simposio rendir\\u00e1 homenaje a la <strong><em>Dra. Gabriella Morreale<\\\/em><\\\/strong>, como una figura reconocida internacionalmente en la investigaci\\u00f3n en endocrinolog\\u00eda.<\\\/p>\\n\n\n<p>La inscripci\\u00f3n es gratuita; se pueden enviar abstracts hasta el 31 de marzo.<\\\/p>\\n\n\n<p><span style=\\\"color: #ff0000;\\\"><strong><em><a style=\\\"color: #ff0000;\\\" href=\\\"https:\\\/\\\/eventos.uam.es\\\/28633\\\/detail\\\/6th-symposium-on-biomedical-reserch-advances-and-perspectives-in-molecular-endocrinology.html\\\">https:\\\/\\\/eventos.uam.es\\\/28633\\\/detail\\\/6th-symposium-on-biomedical-reserch-advances-and-perspectives-in-molecular-endocrinology.html<\\\/a><\\\/em><\\\/strong><\\\/span><\\\/p>\\n\n\n<p>Pueden escribir a <a href=\\\"mailto:6sbr.endocrinology@gmail.com\\\"><em><strong>6sbr.endocrinology@gmail.com<\\\/strong><\\\/em><\\\/a> para cualquier pregunta o comentario.\\u00a0<em><strong>Certificado con 1 ECTS.<\\\/strong><\\\/em><\\\/p>\"}},{\"name\":\"\",\"type\":\"button\",\"props\":{\"gutter\":\"small\",\"margin\":\"default\",\"text_align\":\"center\"},\"children\":[{\"name\":\"\",\"type\":\"button_item\",\"props\":{\"button_style\":\"default\",\"icon_align\":\"left\",\"content\":\"DESCARGAR CARTEL\",\"link\":\"https:\\\/\\\/itironet.com\\\/wp-content\\\/uploads\\\/Cartel-anunciador.pdf\",\"link_target\":\"blank\",\"icon\":\"pull\"}}]}]}]}]}]} --><\/p>\n","protected":false},"excerpt":{"rendered":"<p>6th Symposium on Biomedical Research Este a\u00f1o el Simposio anual de Investigaci\u00f3n en Biomedicina organizado conjuntamente por la Facultad de Medicina de la UAM y el Instituto de Investigaciones Biom\u00e9dicas (IIBM) Alberto Sols (UAM-CSIC) tiene como tem\u00e1tica los \u00abAvances y Perspectivas en Endocrinolog\u00eda Molecular\u00bb y tendr\u00e1 lugar el pr\u00f3ximo 31 de mayo de 2019 en [&hellip;]<\/p>\n","protected":false},"author":1,"featured_media":0,"parent":0,"menu_order":0,"comment_status":"closed","ping_status":"closed","template":"","meta":{"om_disable_all_campaigns":false,"footnotes":""},"class_list":["post-486","page","type-page","status-publish","hentry"],"aioseo_notices":[],"jetpack_sharing_enabled":true,"_links":{"self":[{"href":"https:\/\/itironet.com\/index.php?rest_route=\/wp\/v2\/pages\/486","targetHints":{"allow":["GET"]}}],"collection":[{"href":"https:\/\/itironet.com\/index.php?rest_route=\/wp\/v2\/pages"}],"about":[{"href":"https:\/\/itironet.com\/index.php?rest_route=\/wp\/v2\/types\/page"}],"author":[{"embeddable":true,"href":"https:\/\/itironet.com\/index.php?rest_route=\/wp\/v2\/users\/1"}],"replies":[{"embeddable":true,"href":"https:\/\/itironet.com\/index.php?rest_route=%2Fwp%2Fv2%2Fcomments&post=486"}],"version-history":[{"count":6,"href":"https:\/\/itironet.com\/index.php?rest_route=\/wp\/v2\/pages\/486\/revisions"}],"predecessor-version":[{"id":570,"href":"https:\/\/itironet.com\/index.php?rest_route=\/wp\/v2\/pages\/486\/revisions\/570"}],"wp:attachment":[{"href":"https:\/\/itironet.com\/index.php?rest_route=%2Fwp%2Fv2%2Fmedia&parent=486"}],"curies":[{"name":"wp","href":"https:\/\/api.w.org\/{rel}","templated":true}]}}