{"id":488,"date":"2018-10-03T09:45:37","date_gmt":"2018-10-03T09:45:37","guid":{"rendered":"https:\/\/itironet.com\/?page_id=488"},"modified":"2022-03-22T07:01:01","modified_gmt":"2022-03-22T07:01:01","slug":"oferta-de-servicios","status":"publish","type":"page","link":"https:\/\/itironet.com\/?page_id=488","title":{"rendered":"Oferta de servicios"},"content":{"rendered":"<p><!-- Builder # --><\/p>\n<h1>ACTIVIDADES DE FORMACI\u00d3N<\/h1>\n<div>\n<p>Los cuatro grupos integrantes del <em><strong>Proyecto TIRONET-2<\/strong><\/em> participan en la formaci\u00f3n de estudiantes de Grado, Master y Doctorado.<\/p>\n<p>Las ofertas de empleo se hacen a trav\u00e9s de los programas de Grado, Master, y Doctorado de distintas Universidades, principalmente las madrile\u00f1as. Tambi\u00e9n se anunciar\u00e1n, en la p\u00e1gina web de <strong><em>TIRONET2<\/em><\/strong>, estos programas de formaci\u00f3n cuando existan dichas ofertas<\/p>\n<p>A continuaci\u00f3n, se detallas las direcciones de los trabajos <strong><em>Fin de Grado<\/em><\/strong> (TFG), <em><strong>Fin de Master<\/strong><\/em> (TFM) y <em><strong>Tesis Doctorales<\/strong><\/em>.<\/p>\n<\/div>\n<h1>GRUPO 1: Pilar Santisteban.<\/h1>\n<div>\n<ul>\n<li>Identificaci\u00f3n de microRNAs circulantes asociados a c\u00e1ncer de tiroides regulados por TSH. Sara Mu\u00f1oz L\u00f3pez. TFG de Biolog\u00eda de la UAM (2018).<\/li>\n<li>Papel de VAV3 en la progresi\u00f3n tumoral tiroidea. Laura Cobos Figueroa. TFG de Bioqu\u00edmica de la UAM (2018).<\/li>\n<li>El papel de la Vitamina D sobre los microRNAs en c\u00e1ncer de tiroides. Joanna Dom\u00e8nech. TFG de Biom\u00e9dicas. Universitat de Lleida (2018)<\/li>\n<li>Papel de la v\u00eda Hippo en la resistencia a drogas antitumorales en c\u00e1ncer de tiroides. Jaime Galache Poveda. TFG de Bioqu\u00edmica de la UAM (2021).<\/li>\n<li>Papel de miRNAs en la diferenciaci\u00f3n tiroidea. Elena Aramendia Cotillas. TFG de Bioqu\u00edmica de la UAM (2021).<\/li>\n<\/ul>\n<\/div>\n<h1>GRUPO 2: Mercedes Robledo<\/h1>\n<div>\n<ul>\n<li>Mecanismos de reactivaci\u00f3n de TERT en c\u00e1ncer de tiroides: mutaciones e hipermetilaci\u00f3n del promotor. Andrea Arroyo. TFG de Biologia UAM (2020).<\/li>\n<li>Identificaci\u00f3n de genes de susceptibilidad y factores pron\u00f3sticos en tumores endocrinos. Valeria Pi\u00f1el Pastrana. TFG de Biolog\u00eda de la UAM (2021).<\/li>\n<\/ul>\n<\/div>\n<h1>GRUPO 3: M\u00f3nica Marazuela<\/h1>\n<div>\n<p><strong>Trabajos fin de grado dirigidos (TFG)<\/strong><\/p>\n<ul>\n<li>Micrornas como biomarcadores en las enfermedades tiroideas autoinmunes y an\u00e1lisis de v\u00edas de susceptibilidad. \u00a0Alberto Lens Pardo. TFG de Universidad Aut\u00f3noma de Madrid (2018)<\/li>\n<li>Modelo predictivo de persistencia de oftalmopat\u00eda de Graves: Aproximaci\u00f3n inicial a la Validaci\u00f3n\/Optimizaci\u00f3n del Score PREDIGO en poblaci\u00f3n Espa\u00f1ola. Esther Galiano, TFG de UAM (2019)<\/li>\n<li>Estudio de biomarcadores y v\u00edas de susceptibilidad en las enfermedades tiroideas autoinmunes. Pablo Sacrist\u00e1n. TFG de UAM (2019)<\/li>\n<li>Mecanismos de susceptibilidad y biomarcadores de las enfermedades tiroideas autoinmunes. Pablo Angulo Lara. TFG de Universidad Polit\u00e9cnica de Madrid (2020),<\/li>\n<\/ul>\n<p><strong>Trabajos fin de Master dirigidos (TFM)<\/strong><\/p>\n<ul>\n<li>Papel de los linfocitos infiltrantes en las enfermedades tiroideas autoinmunes. Pablo Sacrist\u00e1n, TFM de UAM (2020).<\/li>\n<\/ul>\n<\/div>\n<h1>GRUPO 4: Susana Alemany<\/h1>\n<div>\n<ul>\n<li>En este grupo se han dirigido dos estudiantes de pr\u00e1cticas curriculares (Curso 2019-2020): Sofia Bardaji y Alberto Guerrero.<\/li>\n<li>Efecto del Hipotiroidismo en un Modelo Murino de Malaria No Cerebral.\u00a0 Marta Toledo Castillo. TFG de Biolog\u00eda Sanitaria UAH (2021)<\/li>\n<\/ul>\n<\/div>\n<h1>CURSOS DE FORMACI\u00d3N<\/h1>\n<h1>GRUPO 1: Pilar Santisteban.<\/h1>\n<div>\n<ul>\n<li>M\u00e1ster en Endocrinolog\u00eda y Nutrici\u00f3n\u00bb, Universidad de Vigo. Se imparten las clases sobre Fisiolog\u00eda y Patolog\u00eda Tiroidea. (desde 2003 hasta la actualidad).<\/li>\n<\/ul>\n<\/div>\n<h1>GRUPO 2: Mercedes Robledo<\/h1>\n<div>\n<ul>\n<li>\u00abM\u00e1ster en Bioinform\u00e1tica Aplicada a Medicina Personalizada y Salud\u00bb, cursos 2018-2019 y 2019-2020, Organizado por la Escuela Nacional de Sanidad \u2013 ISCIII en colaboraci\u00f3n con el Centro Nacional de Investigaciones Oncol\u00f3gicas (CNIO, Barcelona Supercomputing Center ( BSC)\u00a0 y gestionado por la Sociedad Espa\u00f1ola de Biotecnolog\u00eda ( SEBiot).<\/li>\n<li>Tema impartido: \u00abPatolog\u00eda molecular en tumores endocrinos\u00bb, impartido en el Master de Oncolog\u00eda Molecular, organizado por el Centro de Estudios Biosanitarios, y con el patrocinio cient\u00edfico de la European School of Oncology (desde 2003 hasta la actualidad).<\/li>\n<li>Tema impartido: \u00abInvestigaci\u00f3n en Tumores Endocrinos y Neuroendocrinos Hereditarios\u00bb, impartido en el M\u00e1ster de investigaci\u00f3n en medicina traslacional, organizado por la Universidad Complutense de Madrid y el Hospital 12 de octubre. Cursos 2018-2019, y 2019-2020.<\/li>\n<\/ul>\n<\/div>\n<h1>GRUPO 3: M\u00f3nica Marazuela<\/h1>\n<div>\n<ul>\n<li>Curso de actualizaci\u00f3n en patolog\u00eda neuroendocrinol\u00f3gica. Grupo de Neuroendocrinolog\u00eda de la SENDIMAD. Coordinaci\u00f3n del curso desde 2014 hasta la actualidad.<\/li>\n<li>Master en Biolog\u00eda sanitaria. \u201cBases Moleculares y Celulares de Enfermedades Autoinmunes del M\u00e1ster Bases Celulares y Moleculares de Enfermedades Autoinmunes y Al\u00e9rgicas. Tema impartido. \u201cEnfermedades autoinmunes tiroideas: Tiroiditis de Hashimoto y Enfermedad de Graves\u201d. Cursos 2018-2019 y 2019-2020.<\/li>\n<\/ul>\n<p>Adem\u00e1s, la Dra. Marazuela, actual secretaria de la Sociedad Europea de Endocrinolog\u00eda ESE, ha participado activamente en acciones de esa sociedad. Destacar sus recientes participaciones en temas relacionados con Endocfrinologia y COVID-19<\/p>\n<p>Chair of the Thyroid Study Group on rare endocrine conditions affected by COVID-19 of the European society of Endocrinology (ESE). A committee focused on policy, collaboration and activities in the area of rare endocrine and metabolic diseases. <a href=\"https:\/\/www.ese-hormones.org\/about-us\/committees\/rare-disease-committee\/\">https:\/\/www.ese-hormones.org\/about-us\/committees\/rare-disease-committee\/<\/a><\/p>\n<ol>\n<li>\n<p>ESE Talks. Endocrine Conditions in the COVID-19 Era. Chair of the Session \u201cThyroid and Covid19\u201d on 18 June 2020<\/p>\n<\/li>\n<li>\n<p>Program organizing Committee E-congress European Society of Endocrinology 2020<\/p>\n<\/li>\n<li>\n<p>Program organizing Commite Congress of the European Society of Endocrinology 2021<\/p>\n<\/li>\n<li>\n<p>PREMIO FUNDACI\u00d3N SEEN al mejor art\u00edculo publicado en 2018 sobre patolog\u00eda tiroidea patrocinado por SANOFI GENZYME (60 Congreso SEEN 2019, Bilbao). Por el art\u00edculo: \u201cA MicroRNA Signature for Evaluation of Risk and Severity of Autoimmune Thyroid Diseases.\u201d Mart\u00ednez-Hern\u00e1ndez R, Sampedro-N\u00fa\u00f1ez M, Serrano-Somavilla A, Ramos-Lev\u00ed AM, de la Fuente H, Trivi\u00f1o JC, Sanz-Garc\u00eda A, S\u00e1nchez-Madrid F, Marazuela M. J Clin Endocrinol Metab. 2018 Mar 1;103(3):1139-1150. doi: 10.1210\/jc.2017-02318.<\/p>\n<\/li>\n<\/ol>\n<\/div>\n<p><!-- {\"type\":\"layout\",\"children\":[{\"type\":\"section\",\"props\":{\"style\":\"default\",\"width\":\"default\",\"vertical_align\":\"middle\",\"title_position\":\"top-left\",\"title_rotation\":\"left\",\"title_breakpoint\":\"xl\",\"image_position\":\"center-center\",\"text_color\":\"\",\"width_expand\":\"\",\"height\":\"\",\"padding\":\"\",\"header_transparent\":\"\",\"animation\":\"\",\"padding_remove_bottom\":true},\"children\":[{\"type\":\"row\",\"props\":{\"layout\":\"1-1\",\"breakpoint\":\"m\",\"fixed_width\":\"large\",\"gutter\":\"\",\"width\":\"\",\"width_expand\":\"\",\"height\":\"\",\"margin\":\"\"},\"children\":[{\"type\":\"column\",\"props\":{\"widths\":[\"1-1\"],\"image_position\":\"center-center\",\"media_overlay_gradient\":\"\",\"vertical_align\":\"\",\"style\":\"\",\"text_color\":\"\",\"padding\":\"\"},\"children\":[{\"type\":\"headline\",\"props\":{\"title_element\":\"h1\",\"title_style\":\"\",\"title_decoration\":\"\",\"title_color\":\"\",\"position\":\"\",\"position_z_index\":\"\",\"margin\":\"\",\"maxwidth\":\"\",\"maxwidth_breakpoint\":\"\",\"block_align\":\"\",\"block_align_breakpoint\":\"\",\"block_align_fallback\":\"\",\"text_align\":\"\",\"text_align_breakpoint\":\"\",\"text_align_fallback\":\"\",\"animation\":\"\",\"visibility\":\"\",\"content\":\"ACTIVIDADES DE FORMACI\\u00d3N\"}},{\"type\":\"text\",\"props\":{\"margin\":\"remove-vertical\",\"column_breakpoint\":\"m\",\"text_style\":\"\",\"text_color\":\"\",\"text_size\":\"\",\"column\":\"\",\"position\":\"\",\"position_z_index\":\"\",\"maxwidth\":\"\",\"maxwidth_breakpoint\":\"\",\"block_align\":\"\",\"block_align_breakpoint\":\"\",\"block_align_fallback\":\"\",\"text_align\":\"\",\"text_align_breakpoint\":\"\",\"text_align_fallback\":\"\",\"animation\":\"\",\"visibility\":\"\",\"content\":\"\n\n<p>Los cuatro grupos integrantes del <em><strong>Proyecto TIRONET-2<\\\/strong><\\\/em> participan en la formaci\\u00f3n de estudiantes de Grado, Master y Doctorado.<\\\/p>\\n\n\n<p>Las ofertas de empleo se hacen a trav\\u00e9s de los programas de Grado, Master, y Doctorado de distintas Universidades, principalmente las madrile\\u00f1as. Tambi\\u00e9n se anunciar\\u00e1n, en la p\\u00e1gina web de <strong><em>TIRONET2<\\\/em><\\\/strong>, estos programas de formaci\\u00f3n cuando existan dichas ofertas<\\\/p>\\n\n\n<p>A continuaci\\u00f3n, se detallas las direcciones de los trabajos <strong><em>Fin de Grado<\\\/em><\\\/strong> (TFG), <em><strong>Fin de Master<\\\/strong><\\\/em> (TFM) y <em><strong>Tesis Doctorales<\\\/strong><\\\/em>.<\\\/p>\",\"dropcap\":false}}]}]}]},{\"name\":\"Secion negra\",\"type\":\"section\",\"props\":{\"style\":\"muted\",\"width\":\"default\",\"vertical_align\":\"middle\",\"title_position\":\"top-left\",\"title_rotation\":\"left\",\"title_breakpoint\":\"xl\",\"image_position\":\"center-center\",\"image_effect\":\"\",\"text_color\":\"\",\"width_expand\":\"\",\"height\":\"\",\"padding\":\"\",\"header_transparent\":\"\",\"animation\":\"\"},\"children\":[{\"name\":\"\",\"type\":\"row\",\"props\":{\"fixed_width\":\"large\",\"breakpoint\":\"m\",\"layout\":\"1-1\",\"gutter\":\"\",\"width\":\"\",\"width_expand\":\"\",\"height\":\"\",\"margin\":\"\",\"divider\":true},\"children\":[{\"name\":\"\",\"type\":\"column\",\"props\":{\"widths\":[\"1-1\"],\"image_position\":\"center-center\",\"media_overlay_gradient\":\"\"},\"children\":[{\"name\":\"\",\"type\":\"headline\",\"props\":{\"title_element\":\"h1\",\"content\":\"GRUPO 1: Pilar Santisteban.\",\"title_style\":\"h4\",\"title_color\":\"danger\",\"title_decoration\":\"\",\"position\":\"\",\"position_z_index\":\"\",\"margin\":\"\",\"maxwidth\":\"\",\"maxwidth_breakpoint\":\"\",\"block_align\":\"\",\"block_align_breakpoint\":\"\",\"block_align_fallback\":\"\",\"text_align\":\"\",\"text_align_breakpoint\":\"\",\"text_align_fallback\":\"\",\"animation\":\"\",\"visibility\":\"\"}},{\"name\":\"\",\"type\":\"text\",\"props\":{\"margin\":\"default\",\"column_breakpoint\":\"m\",\"content\":\"\n\n<ul>\\n\n\n<li>Identificaci\\u00f3n de microRNAs circulantes asociados a c\\u00e1ncer de tiroides regulados por TSH. Sara Mu\\u00f1oz L\\u00f3pez. TFG de Biolog\\u00eda de la UAM (2018).<\\\/li>\\n\n\n<li>Papel de VAV3 en la progresi\\u00f3n tumoral tiroidea. Laura Cobos Figueroa. TFG de Bioqu\\u00edmica de la UAM (2018).<\\\/li>\\n\n\n<li>El papel de la Vitamina D sobre los microRNAs en c\\u00e1ncer de tiroides. Joanna Dom\\u00e8nech. TFG de Biom\\u00e9dicas. Universitat de Lleida (2018)<\\\/li>\\n\n\n<li>Papel de la v\\u00eda Hippo en la resistencia a drogas antitumorales en c\\u00e1ncer de tiroides. Jaime Galache Poveda. TFG de Bioqu\\u00edmica de la UAM (2021).<\\\/li>\\n\n\n<li>Papel de miRNAs en la diferenciaci\\u00f3n tiroidea. Elena Aramendia Cotillas. TFG de Bioqu\\u00edmica de la UAM (2021).<\\\/li>\\n<\\\/ul>\",\"text_style\":\"\",\"text_color\":\"\",\"text_size\":\"\",\"column\":\"\",\"position\":\"\",\"position_z_index\":\"\",\"maxwidth\":\"\",\"maxwidth_breakpoint\":\"\",\"block_align\":\"\",\"block_align_breakpoint\":\"\",\"block_align_fallback\":\"\",\"text_align\":\"\",\"text_align_breakpoint\":\"\",\"text_align_fallback\":\"\",\"animation\":\"\",\"visibility\":\"\"}},{\"name\":\"\",\"type\":\"headline\",\"props\":{\"title_element\":\"h1\",\"content\":\"GRUPO 2: Mercedes Robledo\",\"title_style\":\"h4\",\"title_color\":\"danger\",\"title_decoration\":\"\",\"position\":\"\",\"position_z_index\":\"\",\"margin\":\"\",\"maxwidth\":\"\",\"maxwidth_breakpoint\":\"\",\"block_align\":\"\",\"block_align_breakpoint\":\"\",\"block_align_fallback\":\"\",\"text_align\":\"\",\"text_align_breakpoint\":\"\",\"text_align_fallback\":\"\",\"animation\":\"\",\"visibility\":\"\"}},{\"name\":\"\",\"type\":\"text\",\"props\":{\"margin\":\"default\",\"column_breakpoint\":\"m\",\"content\":\"\n\n<ul>\\n\n\n<li>Mecanismos de reactivaci\\u00f3n de TERT en c\\u00e1ncer de tiroides: mutaciones e hipermetilaci\\u00f3n del promotor. Andrea Arroyo. TFG de Biologia UAM (2020).<\\\/li>\\n\n\n<li>Identificaci\\u00f3n de genes de susceptibilidad y factores pron\\u00f3sticos en tumores endocrinos. Valeria Pi\\u00f1el Pastrana. TFG de Biolog\\u00eda de la UAM (2021).<\\\/li>\\n<\\\/ul>\",\"text_style\":\"\",\"text_color\":\"\",\"text_size\":\"\",\"column\":\"\",\"position\":\"\",\"position_z_index\":\"\",\"maxwidth\":\"\",\"maxwidth_breakpoint\":\"\",\"block_align\":\"\",\"block_align_breakpoint\":\"\",\"block_align_fallback\":\"\",\"text_align\":\"\",\"text_align_breakpoint\":\"\",\"text_align_fallback\":\"\",\"animation\":\"\",\"visibility\":\"\"}},{\"name\":\"\",\"type\":\"headline\",\"props\":{\"title_element\":\"h1\",\"content\":\"GRUPO 3: M\\u00f3nica Marazuela\",\"title_style\":\"h4\",\"title_color\":\"danger\",\"title_decoration\":\"\",\"position\":\"\",\"position_z_index\":\"\",\"margin\":\"\",\"maxwidth\":\"\",\"maxwidth_breakpoint\":\"\",\"block_align\":\"\",\"block_align_breakpoint\":\"\",\"block_align_fallback\":\"\",\"text_align\":\"\",\"text_align_breakpoint\":\"\",\"text_align_fallback\":\"\",\"animation\":\"\",\"visibility\":\"\"}},{\"name\":\"\",\"type\":\"text\",\"props\":{\"margin\":\"default\",\"column_breakpoint\":\"m\",\"content\":\"\n\n<p><strong>Trabajos fin de grado dirigidos (TFG)<\\\/strong><\\\/p>\\n\n\n<ul>\\n\n\n<li>Micrornas como biomarcadores en las enfermedades tiroideas autoinmunes y an\\u00e1lisis de v\\u00edas de susceptibilidad. \\u00a0Alberto Lens Pardo. TFG de Universidad Aut\\u00f3noma de Madrid (2018)<\\\/li>\\n\n\n<li>Modelo predictivo de persistencia de oftalmopat\\u00eda de Graves: Aproximaci\\u00f3n inicial a la Validaci\\u00f3n\\\/Optimizaci\\u00f3n del Score PREDIGO en poblaci\\u00f3n Espa\\u00f1ola. Esther Galiano, TFG de UAM (2019)<\\\/li>\\n\n\n<li>Estudio de biomarcadores y v\\u00edas de susceptibilidad en las enfermedades tiroideas autoinmunes. Pablo Sacrist\\u00e1n. TFG de UAM (2019)<\\\/li>\\n\n\n<li>Mecanismos de susceptibilidad y biomarcadores de las enfermedades tiroideas autoinmunes. Pablo Angulo Lara. TFG de Universidad Polit\\u00e9cnica de Madrid (2020),<\\\/li>\\n<\\\/ul>\\n\n\n<p><strong>Trabajos fin de Master dirigidos (TFM)<\\\/strong><\\\/p>\\n\n\n<ul>\\n\n\n<li>Papel de los linfocitos infiltrantes en las enfermedades tiroideas autoinmunes. Pablo Sacrist\\u00e1n, TFM de UAM (2020).<\\\/li>\\n<\\\/ul>\",\"text_style\":\"\",\"text_color\":\"\",\"text_size\":\"\",\"column\":\"\",\"position\":\"\",\"position_z_index\":\"\",\"maxwidth\":\"\",\"maxwidth_breakpoint\":\"\",\"block_align\":\"\",\"block_align_breakpoint\":\"\",\"block_align_fallback\":\"\",\"text_align\":\"\",\"text_align_breakpoint\":\"\",\"text_align_fallback\":\"\",\"animation\":\"\",\"visibility\":\"\"}},{\"name\":\"\",\"type\":\"headline\",\"props\":{\"title_element\":\"h1\",\"content\":\"GRUPO 4: Susana Alemany\",\"title_style\":\"h4\",\"title_color\":\"danger\",\"title_decoration\":\"\",\"position\":\"\",\"position_z_index\":\"\",\"margin\":\"\",\"maxwidth\":\"\",\"maxwidth_breakpoint\":\"\",\"block_align\":\"\",\"block_align_breakpoint\":\"\",\"block_align_fallback\":\"\",\"text_align\":\"\",\"text_align_breakpoint\":\"\",\"text_align_fallback\":\"\",\"animation\":\"\",\"visibility\":\"\"}},{\"name\":\"\",\"type\":\"text\",\"props\":{\"margin\":\"default\",\"column_breakpoint\":\"m\",\"content\":\"\n\n<ul>\\n\n\n<li>En este grupo se han dirigido dos estudiantes de pr\\u00e1cticas curriculares (Curso 2019-2020): Sofia Bardaji y Alberto Guerrero.<\\\/li>\\n\n\n<li>Efecto del Hipotiroidismo en un Modelo Murino de Malaria No Cerebral.\\u00a0 Marta Toledo Castillo. TFG de Biolog\\u00eda Sanitaria UAH (2021)<\\\/li>\\n<\\\/ul>\",\"text_style\":\"\",\"text_color\":\"\",\"text_size\":\"\",\"column\":\"\",\"position\":\"\",\"position_z_index\":\"\",\"maxwidth\":\"\",\"maxwidth_breakpoint\":\"\",\"block_align\":\"\",\"block_align_breakpoint\":\"\",\"block_align_fallback\":\"\",\"text_align\":\"\",\"text_align_breakpoint\":\"\",\"text_align_fallback\":\"\",\"animation\":\"\",\"visibility\":\"\"}}]}]}]},{\"type\":\"section\",\"props\":{\"style\":\"default\",\"width\":\"default\",\"vertical_align\":\"middle\",\"title_position\":\"top-left\",\"title_rotation\":\"left\",\"title_breakpoint\":\"xl\",\"image_position\":\"center-center\",\"text_color\":\"\",\"width_expand\":\"\",\"height\":\"\",\"padding\":\"\",\"header_transparent\":\"\",\"animation\":\"\"},\"children\":[{\"type\":\"row\",\"props\":{\"layout\":\"1-1\",\"breakpoint\":\"m\",\"fixed_width\":\"large\",\"gutter\":\"\",\"width\":\"\",\"width_expand\":\"\",\"height\":\"\",\"margin\":\"\",\"margin_remove_bottom\":true},\"children\":[{\"type\":\"column\",\"props\":{\"widths\":[\"1-1\"],\"image_position\":\"center-center\",\"media_overlay_gradient\":\"\",\"vertical_align\":\"\",\"style\":\"\",\"text_color\":\"\",\"padding\":\"\"},\"children\":[{\"type\":\"headline\",\"props\":{\"title_element\":\"h1\",\"title_style\":\"\",\"title_decoration\":\"\",\"title_color\":\"\",\"position\":\"\",\"position_z_index\":\"\",\"margin\":\"\",\"maxwidth\":\"\",\"maxwidth_breakpoint\":\"\",\"block_align\":\"\",\"block_align_breakpoint\":\"\",\"block_align_fallback\":\"\",\"text_align\":\"\",\"text_align_breakpoint\":\"\",\"text_align_fallback\":\"\",\"animation\":\"\",\"visibility\":\"\",\"content\":\"CURSOS DE FORMACI\\u00d3N\"}},{\"name\":\"\",\"type\":\"headline\",\"props\":{\"title_element\":\"h1\",\"content\":\"GRUPO 1: Pilar Santisteban.\",\"title_style\":\"h4\",\"title_color\":\"danger\",\"title_decoration\":\"\",\"position\":\"\",\"position_z_index\":\"\",\"margin\":\"\",\"maxwidth\":\"\",\"maxwidth_breakpoint\":\"\",\"block_align\":\"\",\"block_align_breakpoint\":\"\",\"block_align_fallback\":\"\",\"text_align\":\"\",\"text_align_breakpoint\":\"\",\"text_align_fallback\":\"\",\"animation\":\"\",\"visibility\":\"\"}},{\"type\":\"text\",\"props\":{\"margin\":\"default\",\"column_breakpoint\":\"m\",\"text_style\":\"\",\"text_color\":\"\",\"text_size\":\"\",\"column\":\"\",\"position\":\"\",\"position_z_index\":\"\",\"maxwidth\":\"\",\"maxwidth_breakpoint\":\"\",\"block_align\":\"\",\"block_align_breakpoint\":\"\",\"block_align_fallback\":\"\",\"text_align\":\"\",\"text_align_breakpoint\":\"\",\"text_align_fallback\":\"\",\"animation\":\"\",\"visibility\":\"\",\"content\":\"\n\n<ul>\\n\n\n<li>M\\u00e1ster en Endocrinolog\\u00eda y Nutrici\\u00f3n\\\", Universidad de Vigo. Se imparten las clases sobre Fisiolog\\u00eda y Patolog\\u00eda Tiroidea. (desde 2003 hasta la actualidad).<\\\/li>\\n<\\\/ul>\"}},{\"name\":\"\",\"type\":\"headline\",\"props\":{\"title_element\":\"h1\",\"content\":\"GRUPO 2: Mercedes Robledo\",\"title_style\":\"h4\",\"title_color\":\"danger\",\"title_decoration\":\"\",\"position\":\"\",\"position_z_index\":\"\",\"margin\":\"\",\"maxwidth\":\"\",\"maxwidth_breakpoint\":\"\",\"block_align\":\"\",\"block_align_breakpoint\":\"\",\"block_align_fallback\":\"\",\"text_align\":\"\",\"text_align_breakpoint\":\"\",\"text_align_fallback\":\"\",\"animation\":\"\",\"visibility\":\"\"}},{\"name\":\"\",\"type\":\"text\",\"props\":{\"margin\":\"default\",\"column_breakpoint\":\"m\",\"content\":\"\n\n<ul>\\n\n\n<li>\\\"M\\u00e1ster en Bioinform\\u00e1tica Aplicada a Medicina Personalizada y Salud\\\", cursos 2018-2019 y 2019-2020, Organizado por la Escuela Nacional de Sanidad \\u2013 ISCIII en colaboraci\\u00f3n con el Centro Nacional de Investigaciones Oncol\\u00f3gicas (CNIO, Barcelona Supercomputing Center ( BSC)\\u00a0 y gestionado por la Sociedad Espa\\u00f1ola de Biotecnolog\\u00eda ( SEBiot).<\\\/li>\\n\n\n<li>Tema impartido: \\\"Patolog\\u00eda molecular en tumores endocrinos\\\", impartido en el Master de Oncolog\\u00eda Molecular, organizado por el Centro de Estudios Biosanitarios, y con el patrocinio cient\\u00edfico de la European School of Oncology (desde 2003 hasta la actualidad).<\\\/li>\\n\n\n<li>Tema impartido: \\\"Investigaci\\u00f3n en Tumores Endocrinos y Neuroendocrinos Hereditarios\\\", impartido en el M\\u00e1ster de investigaci\\u00f3n en medicina traslacional, organizado por la Universidad Complutense de Madrid y el Hospital 12 de octubre. Cursos 2018-2019, y 2019-2020.<\\\/li>\\n<\\\/ul>\",\"text_style\":\"\",\"text_color\":\"\",\"text_size\":\"\",\"column\":\"\",\"position\":\"\",\"position_z_index\":\"\",\"maxwidth\":\"\",\"maxwidth_breakpoint\":\"\",\"block_align\":\"\",\"block_align_breakpoint\":\"\",\"block_align_fallback\":\"\",\"text_align\":\"\",\"text_align_breakpoint\":\"\",\"text_align_fallback\":\"\",\"animation\":\"\",\"visibility\":\"\"}},{\"name\":\"\",\"type\":\"headline\",\"props\":{\"title_element\":\"h1\",\"content\":\"GRUPO 3: M\\u00f3nica Marazuela\",\"title_style\":\"h4\",\"title_color\":\"danger\",\"title_decoration\":\"\",\"position\":\"\",\"position_z_index\":\"\",\"margin\":\"\",\"maxwidth\":\"\",\"maxwidth_breakpoint\":\"\",\"block_align\":\"\",\"block_align_breakpoint\":\"\",\"block_align_fallback\":\"\",\"text_align\":\"\",\"text_align_breakpoint\":\"\",\"text_align_fallback\":\"\",\"animation\":\"\",\"visibility\":\"\"}},{\"name\":\"\",\"type\":\"text\",\"props\":{\"margin\":\"default\",\"column_breakpoint\":\"m\",\"content\":\"\n\n<ul>\\n\n\n<li>Curso de actualizaci\\u00f3n en patolog\\u00eda neuroendocrinol\\u00f3gica. Grupo de Neuroendocrinolog\\u00eda de la SENDIMAD. Coordinaci\\u00f3n del curso desde 2014 hasta la actualidad.<\\\/li>\\n\n\n<li>Master en Biolog\\u00eda sanitaria. \\u201cBases Moleculares y Celulares de Enfermedades Autoinmunes del M\\u00e1ster Bases Celulares y Moleculares de Enfermedades Autoinmunes y Al\\u00e9rgicas. Tema impartido. \\u201cEnfermedades autoinmunes tiroideas: Tiroiditis de Hashimoto y Enfermedad de Graves\\u201d. Cursos 2018-2019 y 2019-2020.<\\\/li>\\n<\\\/ul>\\n\n\n<p>Adem\\u00e1s, la Dra. Marazuela, actual secretaria de la Sociedad Europea de Endocrinolog\\u00eda ESE, ha participado activamente en acciones de esa sociedad. Destacar sus recientes participaciones en temas relacionados con Endocfrinologia y COVID-19<\\\/p>\\n\n\n<p>Chair of the Thyroid Study Group on rare endocrine conditions affected by COVID-19 of the European society of Endocrinology (ESE). A committee focused on policy, collaboration and activities in the area of rare endocrine and metabolic diseases. <a href=\\\"https:\\\/\\\/www.ese-hormones.org\\\/about-us\\\/committees\\\/rare-disease-committee\\\/\\\">https:\\\/\\\/www.ese-hormones.org\\\/about-us\\\/committees\\\/rare-disease-committee\\\/<\\\/a><\\\/p>\\n\n\n<ol>\\n\n\n<li>\\n\n\n<p>ESE Talks. Endocrine Conditions in the COVID-19 Era. Chair of the Session \\u201cThyroid and Covid19\\u201d on 18 June 2020<\\\/p>\\n<\\\/li>\\n\n\n<li>\\n\n\n<p>Program organizing Committee E-congress European Society of Endocrinology 2020<\\\/p>\\n<\\\/li>\\n\n\n<li>\\n\n\n<p>Program organizing Commite Congress of the European Society of Endocrinology 2021<\\\/p>\\n<\\\/li>\\n\n\n<li>\\n\n\n<p>PREMIO FUNDACI\\u00d3N SEEN al mejor art\\u00edculo publicado en 2018 sobre patolog\\u00eda tiroidea patrocinado por SANOFI GENZYME (60 Congreso SEEN 2019, Bilbao). Por el art\\u00edculo: \\u201cA MicroRNA Signature for Evaluation of Risk and Severity of Autoimmune Thyroid Diseases.\\u201d Mart\\u00ednez-Hern\\u00e1ndez R, Sampedro-N\\u00fa\\u00f1ez M, Serrano-Somavilla A, Ramos-Lev\\u00ed AM, de la Fuente H, Trivi\\u00f1o JC, Sanz-Garc\\u00eda A, S\\u00e1nchez-Madrid F, Marazuela M. J Clin Endocrinol Metab. 2018 Mar 1;103(3):1139-1150. doi: 10.1210\\\/jc.2017-02318.<\\\/p>\\n<\\\/li>\\n<\\\/ol>\",\"text_style\":\"\",\"text_color\":\"\",\"text_size\":\"\",\"column\":\"\",\"position\":\"\",\"position_z_index\":\"\",\"maxwidth\":\"\",\"maxwidth_breakpoint\":\"\",\"block_align\":\"\",\"block_align_breakpoint\":\"\",\"block_align_fallback\":\"\",\"text_align\":\"\",\"text_align_breakpoint\":\"\",\"text_align_fallback\":\"\",\"animation\":\"\",\"visibility\":\"\"}}]}]}]}],\"version\":\"1.20.2\",\"props\":[]} --><\/p>\n","protected":false},"excerpt":{"rendered":"<p>ACTIVIDADES DE FORMACI\u00d3N Los cuatro grupos integrantes del Proyecto TIRONET-2 participan en la formaci\u00f3n de estudiantes de Grado, Master y Doctorado. Las ofertas de empleo se hacen a trav\u00e9s de los programas de Grado, Master, y Doctorado de distintas Universidades, principalmente las madrile\u00f1as. Tambi\u00e9n se anunciar\u00e1n, en la p\u00e1gina web de TIRONET2, estos programas de [&hellip;]<\/p>\n","protected":false},"author":1,"featured_media":0,"parent":0,"menu_order":0,"comment_status":"closed","ping_status":"closed","template":"","meta":{"om_disable_all_campaigns":false,"footnotes":""},"class_list":["post-488","page","type-page","status-publish","hentry"],"aioseo_notices":[],"jetpack_sharing_enabled":true,"_links":{"self":[{"href":"https:\/\/itironet.com\/index.php?rest_route=\/wp\/v2\/pages\/488","targetHints":{"allow":["GET"]}}],"collection":[{"href":"https:\/\/itironet.com\/index.php?rest_route=\/wp\/v2\/pages"}],"about":[{"href":"https:\/\/itironet.com\/index.php?rest_route=\/wp\/v2\/types\/page"}],"author":[{"embeddable":true,"href":"https:\/\/itironet.com\/index.php?rest_route=\/wp\/v2\/users\/1"}],"replies":[{"embeddable":true,"href":"https:\/\/itironet.com\/index.php?rest_route=%2Fwp%2Fv2%2Fcomments&post=488"}],"version-history":[{"count":24,"href":"https:\/\/itironet.com\/index.php?rest_route=\/wp\/v2\/pages\/488\/revisions"}],"predecessor-version":[{"id":700,"href":"https:\/\/itironet.com\/index.php?rest_route=\/wp\/v2\/pages\/488\/revisions\/700"}],"wp:attachment":[{"href":"https:\/\/itironet.com\/index.php?rest_route=%2Fwp%2Fv2%2Fmedia&parent=488"}],"curies":[{"name":"wp","href":"https:\/\/api.w.org\/{rel}","templated":true}]}}